{"id":1645,"date":"2019-05-30T18:42:03","date_gmt":"2019-05-30T23:42:03","guid":{"rendered":"https:\/\/ecopromocionales.com\/movil\/?post_type=product&#038;p=1645"},"modified":"2022-11-01T12:18:39","modified_gmt":"2022-11-01T17:18:39","slug":"caja-germinable-con-ventana-siembra-y-germina-una-huerta-o-arboles","status":"publish","type":"product","link":"https:\/\/ecopromocionales.com\/movil\/producto\/caja-germinable-con-ventana-siembra-y-germina-una-huerta-o-arboles\/","title":{"rendered":"Caja Germinable con ventana<br><font size=\"2\"> Cantidad m\u00ednima: 100 unidades. $ 3.500 <\/font>"},"content":{"rendered":"<h4>Caja Germinable con ventana<\/h4>\n<p>Caja Germinable con ventana, personalizada para sembrar y germinar arboles, flores o huertas.<\/p>\n<p>Siembra la caja y germina varias plantas.\u00a0 El empaque ideal para productos ecol\u00f3gicos.<\/p>\n<p>Con la caja de tu jab\u00f3n est\u00e1s regalando una huerta o un bosque de bons\u00e1i y una linda e inolvidable experiencia que perdurar\u00e1 en el tiempo.<\/p>\n<p>Solo agregas tierra y agua y en 3-4 semanas comenzar\u00e1s a ver la germinaci\u00f3n de una huerta o un lindo bosque de bons\u00e1i.<\/p>\n<p>La huerta la puedes cosechar y obtener unos lindos tomates, mostaza, cebolla, cilantro y otros muy decorativos en tu cocina y frescos para consumir.<\/p>\n<p>Si deseas \u00e1rboles puedes trasplantarlos a materas planas y hacer una linda colecci\u00f3n o un bosque de bons\u00e1i que te acompa\u00f1ar\u00e1n much\u00edsimos a\u00f1os.<\/p>\n<h4>Caja Germinable para jab\u00f3n<\/h4>\n<p><strong>Especies disponibles:<\/strong><\/p>\n<p><strong>\u00c1rboles<\/strong>: Guayac\u00e1n, acacia y pino navide\u00f1o.<\/p>\n<p><strong>Huerta<\/strong>: Tomate, cilantro, albahaca, mostaza<\/p>\n<p>Disponible en color blanco o Krafft<\/p>\n<p>NO incluye jab\u00f3n.<\/p>\n<p><strong>MEDIDAS<\/strong><\/p>\n<p>8.0 cm x 9.0 cm x 2.5 cm<\/p>\n<p><strong>PERSONALIZACI\u00d3N<\/strong><\/p>\n<p>Adicional 4\u00a0 tintas en el frente de la caja.<\/p>\n<p><strong>Eco-regalos<\/strong> similares:<\/p>\n<p style=\"text-align: center;\">\u00a0I\u00a0<a href=\"https:\/\/ecopromocionales.com\/movil\/producto\/etiquetas-semilla-plantables-y-germinables-para-productos\/\">Etiquetas germinables<\/a> I <a href=\"https:\/\/ecopromocionales.com\/movil\/categoria-producto\/bolsas-y-empaques-germinables-a-la-medida-para-productos\/\">Empaques Germinables<\/a> I<\/p>\n<ul>\n<li>\n<p style=\"text-align: center;\"><strong><a href=\"http:\/\/caem.org.co\/ConveniosCARCAEM\/huellacarbono\/\">Te invitamos a cuidar el planeta, haz clic y calcula tu huella de carbono para que cada d\u00eda la reduzcas con conciencia.<\/a><\/strong><\/p>\n<\/li>\n<\/ul>\n","protected":false},"excerpt":{"rendered":"[xyz-ips snippet=\"solicitarcotizacion\"]\n<p>[xyz-ips snippet=\"descuento1\"]394[xyz-ips snippet=\"remate\"]<\/p>\n<p><strong>Caja GERMINABLE para jab\u00f3n.<\/strong><\/p>\n","protected":false},"featured_media":1919,"comment_status":"open","ping_status":"closed","template":"","meta":[],"_links":{"self":[{"href":"https:\/\/ecopromocionales.com\/movil\/wp-json\/wp\/v2\/product\/1645"}],"collection":[{"href":"https:\/\/ecopromocionales.com\/movil\/wp-json\/wp\/v2\/product"}],"about":[{"href":"https:\/\/ecopromocionales.com\/movil\/wp-json\/wp\/v2\/types\/product"}],"replies":[{"embeddable":true,"href":"https:\/\/ecopromocionales.com\/movil\/wp-json\/wp\/v2\/comments?post=1645"}],"wp:featuredmedia":[{"embeddable":true,"href":"https:\/\/ecopromocionales.com\/movil\/wp-json\/wp\/v2\/media\/1919"}],"wp:attachment":[{"href":"https:\/\/ecopromocionales.com\/movil\/wp-json\/wp\/v2\/media?parent=1645"}],"curies":[{"name":"wp","href":"https:\/\/api.w.org\/{rel}","templated":true}]}}