{"id":1664,"date":"2019-06-05T13:32:26","date_gmt":"2019-06-05T18:32:26","guid":{"rendered":"https:\/\/ecopromocionales.com\/movil\/?post_type=product&#038;p=1664"},"modified":"2024-01-22T08:23:42","modified_gmt":"2024-01-22T13:23:42","slug":"papel-semilla-plantable-color-blanco-tamano-carta","status":"publish","type":"product","link":"https:\/\/ecopromocionales.com\/movil\/producto\/papel-semilla-plantable-color-blanco-tamano-carta\/","title":{"rendered":"Papel Semilla plantable tama\u00f1o carta.<br><font size=\"2\"> Cantidad m\u00ednima: 1 paquete x 50 hojas. $ 88.000<\/font>"},"content":{"rendered":"<p><strong>Papel Semilla plantable y germinable.<\/strong><\/p>\n<p>Siembra el <strong>Papel Semilla plantable y germinable.<\/strong><b>\u00a0<\/b>para cultivar huertas y vivir una linda experiencia que te va a acompa\u00f1ar siempre.<\/p>\n<p>Planta el <strong>papel<\/strong> <b>plantable <\/b>y como resultado obtendr\u00e1s una linda huerta de zanahoria, lechuga o perejil.<\/p>\n<p>Elabora r\u00e1pidamente desde tu casa y oficina, invitaciones, etiquetas, material publicitario y en general la presentaci\u00f3n de tu producto. Tu marca en el papel semilla <strong>germinable agrega valor a tu producto <\/strong>y te reconoce como una empresa responsable.<\/p>\n<p>Desde ahora el cambio es positivo.\u00a0 Esto debido a que tus tarjetas, volantes, <strong><em>etiquetas para productos, regalos<\/em> <\/strong>y otros van a dejar de ser basura para convertirse en una planta que genera ox\u00edgeno.<\/p>\n<h5>Ideal <span style=\"font-size: 14px;\">\u00fatiles<\/span> para troquelar figuras o elaborar empaques germinables.<\/h5>\n<p>El <strong>Papel Semilla plantable y germinable.<\/strong><strong>\u00a0<\/strong>se puede doblar y cortar sin afectar la germinaci\u00f3n.\u00a0 Esto lo hace ideal para fabricar <strong>insertos germinables.<\/strong><\/p>\n<p>Lo ideal es hacer pruebas de impresi\u00f3n y de igual manera verificar que la impresora sea apta para papel grueso.<\/p>\n<p>A continuaci\u00f3n algunos usos del <strong><em>papel semilla<\/em><\/strong> <strong>germinable.<\/strong><\/p>\n<p><strong>USOS<\/strong>:<\/p>\n<p>Con el papel <strong>germinable <\/strong>puedes elaborar tarjetas personales y corporativas, empaques para productos livianos, figuras cortadas <strong>germinables para insertos e invitaciones<\/strong> entre otros.<\/p>\n<p>Adicional puedes dise\u00f1ar tu imagen con un concepto ecol\u00f3gico que como consecuencia agrega un valor importante a tu marca.<\/p>\n<p>Siembra el<strong> papel semilla plantable y como resultando <\/strong>vas a disfrutar de la experiencia de germinar una o varias plantas.<\/p>\n<p><strong>Especies disponibles:<\/strong><\/p>\n<p>Zanahoria, perejil y Lechuga.<\/p>\n<p>As\u00ed mismo puedes elaborar tarjetas escritas a mano, con lapicero o rotulador.<\/p>\n<div class=\"woocommerce-product-details__short-description\">\n<p><b>Germinaci\u00f3n:\u00a0<\/b>70% \u2013 90%.<\/p>\n<p>Disponible en color blanco o color natural.<\/p>\n<\/div>\n<p><b style=\"font-weight: bold;\"><strong>Papel Semilla plantable y germinable.<\/strong>de eco regalos \u00ae<\/b><b>, <\/b>es una <span style=\"font-size: 14px;\">opci\u00f3n<\/span> desarrollada <span style=\"font-size: 14px;\">pensando<\/span> en el <span style=\"font-size: 14px;\">medio ambiente<\/span> y en las empresas preocupadas por su <span style=\"font-size: 14px;\">conservaci\u00f3n<\/span>.<\/p>\n<p><strong>USOS<\/strong>:<\/p>\n<ol>\n<li>Elaboraci\u00f3n de regalos corporativos, invitaciones y calendarios germinables entre otros.<\/li>\n<li>Troquelado de figuras para utilizarlas como inserto de tarjetas y volantes.<\/li>\n<li>Doblado para empaque de objetos livianos.<\/li>\n<li>Para escribir mensajes y sembrarlos: actividades grupales. individuales y mensajes personales.<\/li>\n<\/ol>\n<figure id=\"attachment_4909\" aria-describedby=\"caption-attachment-4909\" style=\"width: 300px\" class=\"wp-caption aligncenter\"><a href=\"https:\/\/ecopromocionales.com\/movil\/wp-content\/uploads\/2020\/12\/papel_semilla_nuevo2.jpg\"><img loading=\"lazy\" class=\"size-medium wp-image-4909\" src=\"https:\/\/ecopromocionales.com\/movil\/wp-content\/uploads\/2020\/12\/papel_semilla_nuevo2-300x225.jpg\" alt=\"\" width=\"300\" height=\"225\" srcset=\"https:\/\/ecopromocionales.com\/movil\/wp-content\/uploads\/2020\/12\/papel_semilla_nuevo2-300x225.jpg 300w, https:\/\/ecopromocionales.com\/movil\/wp-content\/uploads\/2020\/12\/papel_semilla_nuevo2.jpg 400w\" sizes=\"(max-width: 300px) 100vw, 300px\" \/><\/a><figcaption id=\"caption-attachment-4909\" class=\"wp-caption-text\"><strong>Papel semilla plantable<\/strong><\/figcaption><\/figure>\n<h5>Acerca del Papel Semilla plantable<\/h5>\n<p>Elaborar tarjetas, invitaciones y otros en papel semilla es la acci\u00f3n ecol\u00f3gica m\u00e1s acertada puesto que tu tarjeta se convierte en un \u00e1rbol que aporta ox\u00edgeno.<\/p>\n<ul>\n<li>\n<h5><strong>Especies disponibles:<\/strong><\/h5>\n<\/li>\n<li>Lechuga, zanahoria y perejil.\n<ul>\n<li><\/li>\n<li class=\"woocommerce-product-details__short-description\"><b>Germinaci\u00f3n:\u00a0<\/b>70% \u2013 90%.Disponible en color blanco o color natural.\n<p style=\"text-align: center;\">\n<\/li>\n<li class=\"woocommerce-product-details__short-description\">\n<p style=\"text-align: center;\"><strong><a href=\"https:\/\/ecopromocionales.com\/movil\/categoria-producto\/tarjetas-etiquetas-papel-semilla\/\">Tarjetas en papel germinable I Etiquetas en papel germinable I<\/a><\/strong><\/p>\n<ul>\n<li style=\"text-align: center;\"><strong><a href=\"https:\/\/ecopromocionales.com\/movil\/categoria-producto\/papel-semilla-por-paquete-para-imprimir-troquelar-escribir-y-doblar\/\">Papel semilla tama\u00f1o carta, cuarto y tabloide<\/a> I\u00a0<\/strong><\/li>\n<\/ul>\n<p style=\"text-align: center;\">\n<\/li>\n<li style=\"text-align: center;\"><strong><a href=\"http:\/\/caem.org.co\/ConveniosCARCAEM\/huellacarbono\/\">Te invitamos a cuidar el planeta, haz clic y calcula tu huella de carbono para que cada d\u00eda la reduzcas con conciencia.<\/a><\/strong><\/li>\n<\/ul>\n<\/li>\n<\/ul>\n","protected":false},"excerpt":{"rendered":"[xyz-ips snippet=\"solicitarcotizacion\"]\n<p>[xyz-ips snippet=\"descuento1\"]397[xyz-ips snippet=\"remate\"]<\/p>\n<p style=\"text-align: center;\"><strong><a href=\"https:\/\/ecopromocionales.com\/movil\/comunicate-con-nosotros\/\">Clic para cotizar 2.0<\/a><a href=\"https:\/\/ecopromocionales.com\/movil\/comunicate-con-nosotros\/\">00 hojas en adelante<\/a>\u00a0<\/strong><\/p>\n<p style=\"text-align: center;\"><a href=\"https:\/\/ecopromocionales.com\/movil\/comunicate-con-nosotros-chatcha2\/\"><span style=\"color: #ff9900;\"><strong>Deseo comercializar este producto<\/strong><\/span><\/a><\/p>\n","protected":false},"featured_media":4582,"comment_status":"open","ping_status":"closed","template":"","meta":[],"_links":{"self":[{"href":"https:\/\/ecopromocionales.com\/movil\/wp-json\/wp\/v2\/product\/1664"}],"collection":[{"href":"https:\/\/ecopromocionales.com\/movil\/wp-json\/wp\/v2\/product"}],"about":[{"href":"https:\/\/ecopromocionales.com\/movil\/wp-json\/wp\/v2\/types\/product"}],"replies":[{"embeddable":true,"href":"https:\/\/ecopromocionales.com\/movil\/wp-json\/wp\/v2\/comments?post=1664"}],"wp:featuredmedia":[{"embeddable":true,"href":"https:\/\/ecopromocionales.com\/movil\/wp-json\/wp\/v2\/media\/4582"}],"wp:attachment":[{"href":"https:\/\/ecopromocionales.com\/movil\/wp-json\/wp\/v2\/media?parent=1664"}],"curies":[{"name":"wp","href":"https:\/\/api.w.org\/{rel}","templated":true}]}}