{"id":1882,"date":"2019-09-04T08:08:20","date_gmt":"2019-09-04T13:08:20","guid":{"rendered":"https:\/\/ecopromocionales.com\/movil\/?post_type=product&#038;p=1882"},"modified":"2023-02-14T12:04:13","modified_gmt":"2023-02-14T17:04:13","slug":"etiquetas-germinables-y-plantables-para-productos","status":"publish","type":"product","link":"https:\/\/ecopromocionales.com\/movil\/producto\/etiquetas-germinables-y-plantables-para-productos\/","title":{"rendered":"Etiqueta Germinable para productos en Papel Semilla PREMIUM Tama\u00f1o 10\u00d713 cm<br><font size=\"2\"> Cantidad m\u00ednima: 50 Unidades. $ 1.750 <\/font>"},"content":{"rendered":"<p>Etiquetas en <strong>Papel Semilla<\/strong>\u00a0<a href=\"https:\/\/ecopromocionales.com\/movil\/categoria-producto\/tarjetas-etiquetas-papel-semilla\/\"><strong>Germinables <\/strong>y <strong>Plantables<\/strong>\u00a0<\/a>para Productos.<\/p>\n<p>Etiquetas elaboradas en <strong>papel semilla<\/strong> personalizado <strong>PREMIUM.\u00a0 <\/strong>Son plantables y germinables<strong>.<\/strong><\/p>\n<p><strong>Tama\u00f1o<\/strong>: 10 cm x 13 cm.<\/p>\n<p>Las etiquetas en <strong>papel semilla personalizado<\/strong> para sembrar y germinar \u00e1rboles o huertas.<\/p>\n<p>Las <strong>marquillas plantables<\/strong> se elaboran en <strong>papel semilla<\/strong> con el dise\u00f1o del cliente en ambos lados.<\/p>\n<p>Las<a href=\"https:\/\/ecopromocionales.com\/movil\/wp-admin\/post.php?post=1717&amp;action=edit\"><strong> etiquetas<\/strong> <strong>germinables<\/strong><\/a> son elaboradas en un sustrato de germinaci\u00f3n que tiene como base el papel reciclado.<\/p>\n<p>El <strong>papel semilla<\/strong> es un sustrato muy absorbente y dependiendo de la semilla es la porosidad para garantizar la germinaci\u00f3n.<\/p>\n<p>La semilla de la <strong>etiqueta germinable<\/strong> puede ser un bons\u00e1i, una arom\u00e1tica o una linda flor.<\/p>\n<p>La <strong>etiqueta germinable<\/strong> en <strong>papel semilla<\/strong> cambia una etiqueta que antes era basura por un \u00e1rbol, huerta o un jard\u00edn lleno de vida.\u00a0 Esto como consecuencia, aporta tambi\u00e9n experiencias que promueven una actitud responsable con el medio ambiente.<\/p>\n<p>Por esta raz\u00f3n la <strong>etiqueta semilla<\/strong> genera vida, aporta ox\u00edgeno al planeta y relaciona la marca con un pensamiento responsable.<\/p>\n<p>La <strong>etiqueta germinable<\/strong> contribuye al aumento de ox\u00edgeno, reducci\u00f3n de la basura y lo m\u00e1s importante, es un aporte a la consciencia del cuidado ambiental.<\/p>\n<p><strong>USOS<\/strong><\/p>\n<h5><strong>Etiquetas germinables para productos:<\/strong><\/h5>\n<p>Las etiquetas en <strong>papel semilla<\/strong> son utilizadas por marcas que desean visibilizar su compromiso ambiental a trav\u00e9s de una acci\u00f3n ecol\u00f3gica como es la siembra de su etiqueta.<\/p>\n<p>Empresas de ropa, alimentos, joyer\u00eda, electrodom\u00e9sticos, utensilios de cocina, jabones y perfumer\u00eda, farmac\u00e9uticos, naturales, cosm\u00e9ticos y otros est\u00e1n introduciendo en insumos las <strong>etiquetas semilla germinables<\/strong>.<\/p>\n<p>Tambi\u00e9n se usan como<strong> etiquetas germinables<\/strong> para bolsas de eventos, bolas para decoraci\u00f3n navide\u00f1a, tarjetas germinables para bolsas de regalo y otros.<\/p>\n<h5><strong>LA ETIQUETA DE TU PRODUCTO ES ECOL\u00d3GICA PORQUE:<\/strong><\/h5>\n<p>Siembra para germinar una planta que produce ox\u00edgeno.<\/p>\n<p>Elabora peque\u00f1as cantidades sin desperdicio de papel en tarjetas que no se van a usar.<\/p>\n<p>El proceso de elaboraci\u00f3n de la tarjeta es de bajo consumo en agua que a se vez se recicla.<\/p>\n<p>Utiliza tintas ecol\u00f3gicas.<\/p>\n<p style=\"text-align: center;\"><span style=\"color: #ff9900;\"><strong>Siembra la etiqueta del producto que acabas de adquirir y prolonga tu alegr\u00eda con la siembra de una linda\u00a0<\/strong><\/span><span style=\"color: #ff9900;\"><strong>planta!!<\/strong><\/span><\/p>\n<h5><strong>PERSONALIZACI\u00d3N DE LA ETIQUETA EN PAPEL SEMILLA:<\/strong><\/h5>\n<p>Tama\u00f1o: 10 cm x 13 cm<\/p>\n<p>Las<a href=\"https:\/\/ecopromocionales.com\/movil\/wp-admin\/post.php?post=1781&amp;action=edit\"><strong> etiquetas plantables<\/strong>\u00a0se entregan personalizadas<\/a> con tu dise\u00f1o.<\/p>\n<p>Full color ambos lados.<\/p>\n<p>Las <strong>etiquetas germinables<\/strong> en <strong>papel semilla<\/strong> se elaboran con un sustrato de germinaci\u00f3n absorbente.\u00a0 Por esta raz\u00f3n el color blanco tiende a cubrirse.\u00a0 Por lo tanto se recomienda que en el dise\u00f1o se usen textos grandes para garantizar su legibilidad.<\/p>\n<p>Se reserva un espacio en la parte de atr\u00e1s para las instrucciones de uso del producto.<\/p>\n<p>El precio incluye cord\u00f3n de fibra natural.<\/p>\n<p>Enviamos una gu\u00eda de dise\u00f1o para que pueda elaborar el arte.<\/p>\n<p>Adicional disponemos de un cat\u00e1logo de siluetas si desea una figura diferente a la rectangular.<\/p>\n<p>No obstante, si desea una figura diferente a las disponibles tiene un costo adicional por concepto de troquel $120.000 Aprox.<\/p>\n<p>Las <strong>etiquetas en papel semilla <\/strong>dejan de ser basura y se convierten en plantas, ox\u00edgeno, un alimento y en una linda experiencia.<\/p>\n<p>Las <strong>etiquetas plantable<\/strong> son r\u00edgidas.<\/p>\n<p>El papel semilla es un sustrato de germinaci\u00f3n, por lo tanto se encoge en su proceso aprox en un 4%<\/p>\n<h5><strong>PRODUCTOS RELACIONADOS<\/strong><\/h5>\n<p style=\"text-align: center;\"><strong><a href=\"https:\/\/ecopromocionales.com\/movil\/producto\/etiquetas-semilla-para-productos-siembra-y-germina-arboles-y-huertas\/\">Etiquetas Germinables 9.0 x 5.0 cm<\/a> I <a href=\"https:\/\/ecopromocionales.com\/movil\/categoria-producto\/tarjetas-etiquetas-papel-semilla\/\">Tarjetas y etiquetas en papel semilla<\/a> I<\/strong><\/p>\n<p style=\"text-align: center;\">Contribuye al cuidado del planeta:\u00a0 <a href=\"http:\/\/caem.org.co\/ConveniosCARCAEM\/huellacarbono\/\">Calcula tu huella de carbono.<\/a><\/p>\n","protected":false},"excerpt":{"rendered":"<div class=\"woocommerce-product-details__short-description\">\n[xyz-ips snippet=\"solicitarcotizacion\"]\n<p>[xyz-ips snippet=\"descuento1\"]421[xyz-ips snippet=\"remate\"]<\/p>\n<p style=\"text-align: center;\"><strong>Solicita cotizaci\u00f3n con precio mayorista para cantidades superiores a 2.000 unidades:<\/strong><\/p>\n<p style=\"text-align: center;\"><a href=\"mailto:comercialecoregalos@gmail.com\" target=\"_blank\" rel=\"noopener\">comercialecoregalos@gmail.com<\/a><\/p>\n<h4><\/h4>\n<h4><strong>Etiquetas en papel germinable <span style=\"color: #ff6600;\">PREMIUM<\/span><\/strong><\/h4>\n<ul>\n<li><strong>Germinaci\u00f3n<\/strong>: 100%<\/li>\n<li><strong>Calibre<\/strong>: R\u00edgido- grueso<\/li>\n<li><strong>Personalizaci\u00f3n<\/strong>: Impresi\u00f3n full color ambos lados.<\/li>\n<li><\/li>\n<\/ul>\n<p>Etiquetas germinables y plantables para productos.<\/p>\n<p>Siembra y germina la etiqueta de tu productos.<\/p>\n<p>Etiquetas germinables personalizadas.<\/p>\n<p>Cord\u00f3n en fibra natural incluido.<\/p>\n<p>Etiquetas germinables para productos que al sembrarlas crece una planta.<\/p>\n<p>https:\/\/youtu.be\/yqDWJaf573k<\/p>\n<\/div>\n","protected":false},"featured_media":1886,"comment_status":"open","ping_status":"closed","template":"","meta":[],"_links":{"self":[{"href":"https:\/\/ecopromocionales.com\/movil\/wp-json\/wp\/v2\/product\/1882"}],"collection":[{"href":"https:\/\/ecopromocionales.com\/movil\/wp-json\/wp\/v2\/product"}],"about":[{"href":"https:\/\/ecopromocionales.com\/movil\/wp-json\/wp\/v2\/types\/product"}],"replies":[{"embeddable":true,"href":"https:\/\/ecopromocionales.com\/movil\/wp-json\/wp\/v2\/comments?post=1882"}],"wp:featuredmedia":[{"embeddable":true,"href":"https:\/\/ecopromocionales.com\/movil\/wp-json\/wp\/v2\/media\/1886"}],"wp:attachment":[{"href":"https:\/\/ecopromocionales.com\/movil\/wp-json\/wp\/v2\/media?parent=1882"}],"curies":[{"name":"wp","href":"https:\/\/api.w.org\/{rel}","templated":true}]}}