{"id":37,"date":"2018-08-05T12:32:05","date_gmt":"2018-08-05T17:32:05","guid":{"rendered":"https:\/\/ecopromocionales.com\/movil\/?post_type=product&#038;p=37"},"modified":"2023-12-04T18:55:07","modified_gmt":"2023-12-04T23:55:07","slug":"bonsai-en-caja-de-regalo-personalizada-con-matera-de-coco","status":"publish","type":"product","link":"https:\/\/ecopromocionales.com\/movil\/producto\/bonsai-en-caja-de-regalo-personalizada-con-matera-de-coco\/","title":{"rendered":"Kit de siembra eco regalos\u00aebons\u00e1i o huerta en caja de regalo con matera de coco<br><font size=\"2\"> Cantidad m\u00ednima: 65 Unidades <\/font>"},"content":{"rendered":"<h4><strong>Bons\u00e1i en caja de regalo en kit de siembra personalizado con matera de coco.<\/strong><\/h4>\n<p><strong>Kit de siembra<\/strong> en caja de regalo personalizada con matera de coco para germinar un <strong>bons\u00e1i<\/strong>.\u00a0 Se entrega en caja de regalo con su dise\u00f1o.\u00a0 Incluye matera en fibra natural.<\/p>\n<p>El <strong>kit de siembra<\/strong> <em>personalizado<\/em> para germinar un <strong>bonsai<\/strong>\u00a0es un <strong>eco regalo<\/strong> <strong>corporativo<\/strong> muy recomendado debido a la prolongaci\u00f3n de una experiencia vital asociada a una marca responsable con el planeta.<\/p>\n<figure id=\"attachment_271\" aria-describedby=\"caption-attachment-271\" style=\"width: 300px\" class=\"wp-caption aligncenter\"><a href=\"https:\/\/ecopromocionales.com\/movil\/wp-content\/uploads\/2018\/08\/gr_Caja_de_regalo_con_matera_coco1.jpg\"><img loading=\"lazy\" class=\"wp-image-271 size-medium\" src=\"https:\/\/ecopromocionales.com\/movil\/wp-content\/uploads\/2018\/08\/gr_Caja_de_regalo_con_matera_coco1-300x233.jpg\" alt=\"kit de siembra epsa\" width=\"300\" height=\"233\" srcset=\"https:\/\/ecopromocionales.com\/movil\/wp-content\/uploads\/2018\/08\/gr_Caja_de_regalo_con_matera_coco1-300x233.jpg 300w, https:\/\/ecopromocionales.com\/movil\/wp-content\/uploads\/2018\/08\/gr_Caja_de_regalo_con_matera_coco1.jpg 400w\" sizes=\"(max-width: 300px) 100vw, 300px\" \/><\/a><figcaption id=\"caption-attachment-271\" class=\"wp-caption-text\"><strong>kit de siembra personalizado<\/strong><\/figcaption><\/figure>\n<p>Este lindo<strong> kit de siembra<\/strong> para germinar semillas es muy sencillo.<\/p>\n<p>Solo agrega agua al ecogerminador\u00a0 y espera tres semanas a que germine tu arbolito.<\/p>\n<p>Luego se siembra en la <strong>matera de fibra coco<\/strong> que contiene el <strong>kit de siembra<\/strong>.<\/p>\n<p>En poco tiempo tu \u00e1rbol pre <strong>bonsai<\/strong> estar\u00e1 fuerte para que comenzar a consentirlo y a darle la forma con las podas peri\u00f3dicas.<\/p>\n<h5><strong>El kit de siembra contiene:<\/strong><\/h5>\n<ul>\n<li>Una caja de regalo personalizada<\/li>\n<li>Instrucciones personalizadas<\/li>\n<li>Bandeja de riego.<\/li>\n<li>Ecogerminador con semillas de \u00e1rbol-<\/li>\n<li>Matera de fibra natural de coco.<\/li>\n<\/ul>\n<figure id=\"attachment_272\" aria-describedby=\"caption-attachment-272\" style=\"width: 300px\" class=\"wp-caption aligncenter\"><a href=\"https:\/\/ecopromocionales.com\/movil\/wp-content\/uploads\/2018\/08\/gr_caja_de_regalo_con_matera3-1.jpg\"><img loading=\"lazy\" class=\"wp-image-272 size-medium\" src=\"https:\/\/ecopromocionales.com\/movil\/wp-content\/uploads\/2018\/08\/gr_caja_de_regalo_con_matera3-1-300x218.jpg\" alt=\"Regalos Ecologicos Corporativos\" width=\"300\" height=\"218\" srcset=\"https:\/\/ecopromocionales.com\/movil\/wp-content\/uploads\/2018\/08\/gr_caja_de_regalo_con_matera3-1-300x218.jpg 300w, https:\/\/ecopromocionales.com\/movil\/wp-content\/uploads\/2018\/08\/gr_caja_de_regalo_con_matera3-1.jpg 400w\" sizes=\"(max-width: 300px) 100vw, 300px\" \/><\/a><figcaption id=\"caption-attachment-272\" class=\"wp-caption-text\"><strong>Kit de siembra<\/strong> personalizado para regalos empresariales.<\/figcaption><\/figure>\n<p style=\"text-align: center;\"><strong>Nuestro Lema: \u00a1\u00a1Mejor regala vida!!<\/strong><\/p>\n<figure id=\"attachment_273\" aria-describedby=\"caption-attachment-273\" style=\"width: 300px\" class=\"wp-caption aligncenter\"><a href=\"https:\/\/ecopromocionales.com\/movil\/wp-content\/uploads\/2018\/08\/gr_coco_marca1.jpg\"><img loading=\"lazy\" class=\"wp-image-273 size-medium\" src=\"https:\/\/ecopromocionales.com\/movil\/wp-content\/uploads\/2018\/08\/gr_coco_marca1-300x225.jpg\" alt=\"Regalos Ecologicos Personalizados\" width=\"300\" height=\"225\" srcset=\"https:\/\/ecopromocionales.com\/movil\/wp-content\/uploads\/2018\/08\/gr_coco_marca1-300x225.jpg 300w, https:\/\/ecopromocionales.com\/movil\/wp-content\/uploads\/2018\/08\/gr_coco_marca1.jpg 400w\" sizes=\"(max-width: 300px) 100vw, 300px\" \/><\/a><figcaption id=\"caption-attachment-273\" class=\"wp-caption-text\"><strong>Kit de siembra<\/strong> personalizado<\/figcaption><\/figure>\n<p style=\"text-align: center;\">Con este <strong>kit de siembra<\/strong> vas a germinar un lindo bons\u00e1i que te va a acompa\u00f1ar toda la vida..<\/p>\n<p style=\"text-align: center;\"><span style=\"color: #ff9900;\"><span style=\"font-size: 14px;\"><b>Trasplanta<\/b><\/span><\/span><strong><span style=\"color: #ff9900;\">\u00a0tu bons\u00e1i!!<\/span><\/strong><\/p>\n<p>Este paso se da cuando el \u00e1rbol est\u00e1 fuerte, despu\u00e9s de los 6 meses.\u00a0 Trasplante a matera plana.<\/p>\n<p><iframe loading=\"lazy\" title=\"Aprende a trasplantar un bons\u00e1i\" width=\"640\" height=\"480\" src=\"https:\/\/www.youtube.com\/embed\/mA7EnaOMvR0?feature=oembed&#038;enablejsapi=1&#038;origin=https:\/\/www.eco-regalos.com\" frameborder=\"0\" allow=\"accelerometer; autoplay; clipboard-write; encrypted-media; gyroscope; picture-in-picture\" allowfullscreen><\/iframe><\/p>\n<h5><span style=\"color: #ff9900;\"><b style=\"color: #ff9900;\">Opciones de <\/b><span style=\"color: #ff9900;\"><span style=\"font-size: 14px;\"><b>personalizaci\u00f3n para el kit de siembra<\/b><\/span><\/span><b style=\"color: #ff9900;\">:<\/b><\/span><\/h5>\n<p align=\"justify\">Impresi\u00f3n full color en la caja de regalo en la parte superior:<\/p>\n<p>Instrucciones full color dentro de la caja.<\/p>\n<p style=\"text-align: center;\">\u00a1\u00a1Un regalo para toda la vida!!!<\/p>\n<style>\r\n.thumbnail{\r\nposition: relative;\r\nz-index: 0;\r\nFONT-FAMILY: Verdana,Helvetica; \r\nFONT-SIZE: 10px\r\n}\r\n.thumbnail:hover{\r\nbackground-color: transparent;\r\nz-index: 50;\r\nFONT-FAMILY: Verdana,Helvetica; \r\nFONT-SIZE: 12px\r\n}\r\n.thumbnail span{ \/*Estilos del borde y texto*\/\r\nposition: absolute;\r\nbackground-color: white;\r\npadding: 5px;\r\nleft: -100px;\r\nborder: 1px dashed gray;\r\nvisibility: hidden;\r\ncolor: #000000;\r\ntext-decoration: none;\r\n}\r\n.thumbnail span img{ \/*CSS for enlarged image*\/\r\nborder-width: 0;\r\npadding: 2px;\r\n}\r\n.thumbnail:hover span{ \/*CSS for enlarged image on hover*\/\r\nvisibility: visible;\r\ntop: 0;\r\nleft: 20px; \/*position where enlarged image should offset horizontally *\/\r\n}\r\n<\/style>\r\n\r\n    \r\n\r\n    \r\n\r\n        \r\n     \r\n  \r\n<b><font color='#FF4000'>Especies disponibles:<\/font><\/b><br><li><b><font size=2 color='#2DB200'>Acacia:<\/b> <a class=\"thumbnail\" href=\"#thumb\">Ver im&aacute;gen<span><img src=\"..\/..\/..\/img\/gr_especie_Bonsai acacia 1 peq.jpg\"\/><br \/><b>Acacia:<\/b> <\/font><\/span><\/a><\/li><li><b><font size=2 color='#2DB200'>Bons\u00e1i Acacia Negra:<\/b> <a class=\"thumbnail\" href=\"#thumb\">Ver im&aacute;gen<span><img src=\"..\/..\/..\/img\/gr_especie_mini_arbolito1.jpg\"\/><br \/><b>Bons\u00e1i Acacia Negra:<\/b> <\/font><\/span><\/a><\/li><li><b><font size=2 color='#2DB200'>Tomate:<\/b> <a class=\"thumbnail\" href=\"#thumb\">Ver im&aacute;gen<span><img src=\"..\/..\/..\/img\/Tomate_especie.jpg\"\/><br \/><b>Tomate:<\/b> <\/font><\/span><\/a><\/li><li><b><font size=2 color='#2DB200'>Lechuga:<\/b> <a class=\"thumbnail\" href=\"#thumb\">Ver im&aacute;gen<span><img src=\"..\/..\/..\/img\/Lechuga_especie.jpg\"\/><br \/><b>Lechuga:<\/b> <\/font><\/span><\/a><\/li><li><b><font size=2 color='#2DB200'>Bonsai Cedro Rosado:<\/b> <a class=\"thumbnail\" href=\"#thumb\">Ver im&aacute;gen<span><img src=\"..\/..\/..\/img\/Cedro_Rosado_especie.jpg\"\/><br \/><b>Bonsai Cedro Rosado:<\/b> <\/font><\/span><\/a><\/li><li><b><font size=2 color='#2DB200'>Bonsai Pino Cipres:<\/b> <a class=\"thumbnail\" href=\"#thumb\">Ver im&aacute;gen<span><img src=\"..\/..\/..\/img\/gr_especie_Bonsai pino 1 peq.jpg\"\/><br \/><b>Bonsai Pino Cipres:<\/b> <\/font><\/span><\/a><\/li><li><b><font size=2 color='#2DB200'>Bonsai Guayacan Chicala:<\/b> <a class=\"thumbnail\" href=\"#thumb\">Ver im&aacute;gen<span><img src=\"..\/..\/..\/img\/Guayacan_Chicala_especie.jpg\"\/><br \/><b>Bonsai Guayacan Chicala:<\/b> <\/font><\/span><\/a><\/li><li><b><font size=2 color='#2DB200'>Perejil:<\/b> <a class=\"thumbnail\" href=\"#thumb\">Ver im&aacute;gen<span><img src=\"..\/..\/..\/img\/Perejil_especie.jpg\"\/><br \/><b>Perejil:<\/b> <\/font><\/span><\/a><\/li>\n<p>&nbsp;<\/p>\n<h5><strong>eco regalos \u00ae<\/strong> para toda ocasi\u00f3n similares al <strong>kit de siembra<\/strong>:<\/h5>\n<p><strong><a href=\"https:\/\/ecopromocionales.com\/movil\/producto\/kit-para-germinar-una-huerta-personalizado-e-incluye-tres-especies\/\">Bosque de huerta o bonsai en kit de siembra<\/a>\u00a0I <a href=\"https:\/\/ecopromocionales.com\/movil\/producto\/bonsai-en-cajita-germinadora-caja-de-regalo-es-un-germinador\/\">Bonsai en mini cajita de regalo<\/a> en kit de siembra I<\/strong><\/p>\n<p style=\"text-align: center;\"><strong><a href=\"http:\/\/caem.org.co\/ConveniosCARCAEM\/huellacarbono\/\">eco regalos \u00ae te invita a cuidar el planeta, haz clic y calcula tu huella de carbono para que cada d\u00eda la reduzcas con conciencia.<\/a><\/strong><\/p>\n","protected":false},"excerpt":{"rendered":"<p>Cantidad m\u00ednima: 65 unidades. [xyz-ips snippet=\"solicitarcotizacion\"]<\/p>\n<p>[xyz-ips snippet=\"descuento1\"]213[xyz-ips snippet=\"remate\"]<\/p>\n<p><strong>Bons\u00e1i en caja de regalo en kit de siembra personalizado<\/strong><\/p>\n<p>&nbsp;<\/p>\n<p>&nbsp;<\/p>\n","protected":false},"featured_media":272,"comment_status":"open","ping_status":"closed","template":"","meta":[],"_links":{"self":[{"href":"https:\/\/ecopromocionales.com\/movil\/wp-json\/wp\/v2\/product\/37"}],"collection":[{"href":"https:\/\/ecopromocionales.com\/movil\/wp-json\/wp\/v2\/product"}],"about":[{"href":"https:\/\/ecopromocionales.com\/movil\/wp-json\/wp\/v2\/types\/product"}],"replies":[{"embeddable":true,"href":"https:\/\/ecopromocionales.com\/movil\/wp-json\/wp\/v2\/comments?post=37"}],"wp:featuredmedia":[{"embeddable":true,"href":"https:\/\/ecopromocionales.com\/movil\/wp-json\/wp\/v2\/media\/272"}],"wp:attachment":[{"href":"https:\/\/ecopromocionales.com\/movil\/wp-json\/wp\/v2\/media?parent=37"}],"curies":[{"name":"wp","href":"https:\/\/api.w.org\/{rel}","templated":true}]}}