{"id":1677,"date":"2019-04-24T15:56:40","date_gmt":"2019-04-24T20:56:40","guid":{"rendered":"http:\/\/ecopromocionales.com\/movilpe\/?page_id=1677"},"modified":"2022-01-05T19:48:18","modified_gmt":"2022-01-06T00:48:18","slug":"soporte-tecnico","status":"publish","type":"page","link":"https:\/\/ecopromocionales.com\/movilpe\/soporte-tecnico\/","title":{"rendered":"Soporte T\u00e9cnico"},"content":{"rendered":"<h5 style=\"text-align: left;\"><strong>Bienvenido al programa de soporte t\u00e9cnico y acompa\u00f1amiento en la siembra y cuidados de tu planta.<\/strong><\/h5>\n<h5 style=\"text-align: left;\">Cuando termine el proceso de inscripci\u00f3n empezar\u00e1s a recibir v\u00eda correo electr\u00f3nico, en forma peri\u00f3dica y de acuerdo a la edad de tu planta,\u00a0consejos \u00fatiles y ecol\u00f3gicos y todas las recomendaciones necesarias para la siembra, germinaci\u00f3n y cuidado de tu planta.<\/h5>\n<p><!--more--><\/p>\n<h5 style=\"text-align: left;\">Te asesoraremos en todo el proceso de tu planta y si tienes dudas puedes consultar con uno de nuestros especialistas que te orientar\u00e1 con tus inquietudes individuales.<\/h5>\n<p><!--more--><\/p>\n<h5 style=\"text-align: left;\"><strong>Eco regalos y Planta Tus Sentimientos<\/strong> te invitan a vivir la maravillosa experiencia del nacimiento de un ser vivo y te invita a continuar respetando y cuidando el medio ambiente.<\/h5>\n<p><!--more--><\/p>\n<div class=\"wpforms-container wpforms-container-full\" id=\"wpforms-4178\"><form id=\"wpforms-form-4178\" class=\"wpforms-validate wpforms-form\" data-formid=\"4178\" method=\"post\" enctype=\"multipart\/form-data\" action=\"\/movilpe\/wp-json\/wp\/v2\/pages\/1677\" data-token=\"ef5ccebc69af4c810c4f897fcf9077c7\"><noscript class=\"wpforms-error-noscript\">Por favor, activa JavaScript en tu navegador para completar este formulario.<\/noscript><div class=\"wpforms-field-container\"><div id=\"wpforms-4178-field_1-container\" class=\"wpforms-field wpforms-field-name\" data-field-id=\"1\"><label class=\"wpforms-field-label\" for=\"wpforms-4178-field_1\">Nombre <span class=\"wpforms-required-label\">*<\/span><\/label><div class=\"wpforms-field-row wpforms-field-medium\"><div class=\"wpforms-field-row-block wpforms-first wpforms-one-half\"><input type=\"text\" id=\"wpforms-4178-field_1\" class=\"wpforms-field-name-first wpforms-field-required\" name=\"wpforms[fields][1][first]\" required><label for=\"wpforms-4178-field_1\" class=\"wpforms-field-sublabel after \">Nombre<\/label><\/div><div class=\"wpforms-field-row-block wpforms-one-half\"><input type=\"text\" id=\"wpforms-4178-field_1-last\" class=\"wpforms-field-name-last wpforms-field-required\" name=\"wpforms[fields][1][last]\" required><label for=\"wpforms-4178-field_1-last\" class=\"wpforms-field-sublabel after \">Apellidos<\/label><\/div><\/div><\/div><div id=\"wpforms-4178-field_2-container\" class=\"wpforms-field wpforms-field-email\" data-field-id=\"2\"><label class=\"wpforms-field-label\" for=\"wpforms-4178-field_2\">Correo electr\u00f3nico <span class=\"wpforms-required-label\">*<\/span><\/label><input type=\"email\" id=\"wpforms-4178-field_2\" class=\"wpforms-field-medium wpforms-field-required\" name=\"wpforms[fields][2]\" required><\/div><div id=\"wpforms-4178-field_3-container\" class=\"wpforms-field wpforms-field-number\" data-field-id=\"3\"><label class=\"wpforms-field-label\" for=\"wpforms-4178-field_3\">Celular <span class=\"wpforms-required-label\">*<\/span><\/label><input type=\"number\" pattern=\"\\d*\" id=\"wpforms-4178-field_3\" class=\"wpforms-field-medium wpforms-field-required\" name=\"wpforms[fields][3]\" required><\/div><div id=\"wpforms-4178-field_4-container\" class=\"wpforms-field wpforms-field-number\" data-field-id=\"4\"><label class=\"wpforms-field-label\" for=\"wpforms-4178-field_4\">N\u00famero de Pedido <span class=\"wpforms-required-label\">*<\/span><\/label><input type=\"number\" pattern=\"\\d*\" id=\"wpforms-4178-field_4\" class=\"wpforms-field-medium wpforms-field-required\" name=\"wpforms[fields][4]\" required><\/div><div id=\"wpforms-4178-field_6-container\" class=\"wpforms-field wpforms-field-select wpforms-field-select-style-classic\" data-field-id=\"6\"><label class=\"wpforms-field-label\" for=\"wpforms-4178-field_6\">Producto <span class=\"wpforms-required-label\">*<\/span><\/label><select id=\"wpforms-4178-field_6\" class=\"wpforms-field-medium wpforms-field-required\" name=\"wpforms[fields][6]\" required=\"required\"><option value=\"Papel Semilla\" >Papel Semilla<\/option><option value=\"Kits de siembra\" >Kits de siembra<\/option><option value=\"L\u00e1pices y lapiceros\" >L\u00e1pices y lapiceros<\/option><option value=\"Plantas crecidas\" >Plantas crecidas<\/option><\/select><\/div><\/div><div class=\"wpforms-submit-container\" ><input type=\"hidden\" name=\"wpforms[id]\" value=\"4178\"><input type=\"hidden\" name=\"wpforms[author]\" value=\"4\"><button type=\"submit\" name=\"wpforms[submit]\" class=\"wpforms-submit \" id=\"wpforms-submit-4178\" value=\"wpforms-submit\" aria-live=\"assertive\" data-alt-text=\"Enviando...\" data-submit-text=\"Enviar\">Enviar<\/button><\/div><\/form><\/div>  <!-- .wpforms-container -->\n<p>&nbsp;<\/p>\n<p>&nbsp;<\/p>\n<p>&nbsp;<\/p>\n","protected":false},"excerpt":{"rendered":"<p>Bienvenido al programa de soporte t\u00e9cnico y acompa\u00f1amiento en la siembra y cuidados de tu planta. Cuando termine el proceso de inscripci\u00f3n empezar\u00e1s a recibir v\u00eda correo electr\u00f3nico, en forma peri\u00f3dica y de acuerdo a la edad de tu planta,\u00a0consejos \u00fatiles y ecol\u00f3gicos y todas las recomendaciones necesarias para la siembra, germinaci\u00f3n y cuidado de [&hellip;]<\/p>\n","protected":false},"author":4,"featured_media":0,"parent":0,"menu_order":3,"comment_status":"closed","ping_status":"closed","template":"","meta":[],"_links":{"self":[{"href":"https:\/\/ecopromocionales.com\/movilpe\/wp-json\/wp\/v2\/pages\/1677"}],"collection":[{"href":"https:\/\/ecopromocionales.com\/movilpe\/wp-json\/wp\/v2\/pages"}],"about":[{"href":"https:\/\/ecopromocionales.com\/movilpe\/wp-json\/wp\/v2\/types\/page"}],"author":[{"embeddable":true,"href":"https:\/\/ecopromocionales.com\/movilpe\/wp-json\/wp\/v2\/users\/4"}],"replies":[{"embeddable":true,"href":"https:\/\/ecopromocionales.com\/movilpe\/wp-json\/wp\/v2\/comments?post=1677"}],"version-history":[{"count":13,"href":"https:\/\/ecopromocionales.com\/movilpe\/wp-json\/wp\/v2\/pages\/1677\/revisions"}],"predecessor-version":[{"id":4566,"href":"https:\/\/ecopromocionales.com\/movilpe\/wp-json\/wp\/v2\/pages\/1677\/revisions\/4566"}],"wp:attachment":[{"href":"https:\/\/ecopromocionales.com\/movilpe\/wp-json\/wp\/v2\/media?parent=1677"}],"curies":[{"name":"wp","href":"https:\/\/api.w.org\/{rel}","templated":true}]}}