{"id":1723,"date":"2019-05-13T19:31:18","date_gmt":"2019-05-14T00:31:18","guid":{"rendered":"http:\/\/ecopromocionales.com\/movilpe\/?page_id=1723"},"modified":"2023-09-14T16:45:35","modified_gmt":"2023-09-14T21:45:35","slug":"envios-y-fletes","status":"publish","type":"page","link":"https:\/\/ecopromocionales.com\/movilpe\/envios-y-fletes\/","title":{"rendered":"Env\u00eda a todo el Per\u00fa"},"content":{"rendered":"<div class=\"gmail_default\">\n<div class=\"gmail_default\">\n<div class=\"gmail_default\">\n<div class=\"gmail_default\">\n<div class=\"gmail_default\">\n<div class=\"gmail_default\">\n<div class=\"gmail_default\">\n<div dir=\"auto\">\n<div dir=\"auto\">\n<p><span style=\"color: #808080;\">Las entregas se efect\u00faan desde nuestra planta de producci\u00f3n y \/o casillero de despachos.\u00a0 \u00a0<\/span><span style=\"color: #808080;\">*Solo se despachan ordenes con n\u00famero de pedido asignado y cita previa.\u00a0 <a href=\"http:\/\/ecopromocionales.com\/movilpe\/entregas\/\">Ver detalles aqu\u00ed.<\/a><\/span><\/p>\n<p><span style=\"color: #808080;\"><strong>Env\u00eda a todo el Per\u00fa<\/strong><\/span><\/p>\n<p style=\"padding-left: 30px;\"><strong><span style=\"color: #808080;\">1.Solicita tu env\u00edo a nivel nacional.<\/span><\/strong><\/p>\n<p style=\"padding-left: 30px;\"><span style=\"color: #808080;\">*El flete es a cargo del comprador y lo puede solicitar y cancelar directamente a la empresa transportadora de su preferencia y elecci\u00f3n.\u00a0\u00a0<\/span><\/p>\n<p style=\"padding-left: 30px;\"><strong><span style=\"color: #808080;\">2. Coordinamos tus env\u00edos programados\u00a0puerta a puerta.<\/span><\/strong><\/p>\n<div style=\"padding-left: 60px;\"><span style=\"color: #008080;\"><b><span style=\"font-family: arial, sans-serif;\">Env\u00edos Programados<\/span><\/b><b><span style=\"font-family: arial, sans-serif;\">:<\/span><\/b><\/span><\/div>\n<div style=\"padding-left: 60px;\"><b style=\"color: #808080;\"><span style=\"font-family: arial, sans-serif;\">ENTREGA\u00a0<strong>puerta a puerta.<\/strong><\/span><\/b><\/div>\n<div style=\"padding-left: 90px;\"><strong style=\"color: #808080;\">Valor:<\/strong><span style=\"color: #808080;\"> Ver tarifas\u00a0<span style=\"color: #0000ff;\"><a style=\"color: #0000ff;\" href=\"http:\/\/ecopromocionales.com\/movilpe\/producto\/delivery\/\" target=\"_blank\" rel=\"noopener\">\u00a0aqu\u00ed<\/a><\/span><\/span><\/div>\n<div style=\"padding-left: 90px;\"><span style=\"color: #808080;\">Traslados a agencia\u00a0<\/span><span style=\"color: #808080;\">los lunes de cada semana<\/span><\/div>\n<div style=\"padding-left: 90px;\"><span style=\"color: #808080;\">Programaci\u00f3n anticipada.\u00a0\u00a0<\/span><\/div>\n<div style=\"padding-left: 90px;\"><span style=\"color: #0000ff;\"><a style=\"color: #0000ff;\" href=\"http:\/\/ecopromocionales.com\/movilpe\/producto\/delivery\/\" target=\"_blank\" rel=\"noopener\">Solicitar<\/a><\/span><\/div>\n<\/div>\n<\/div>\n<\/div>\n<\/div>\n<\/div>\n<\/div>\n<\/div>\n<\/div>\n<\/div>\n","protected":false},"excerpt":{"rendered":"<p>Las entregas se efect\u00faan desde nuestra planta de producci\u00f3n y \/o casillero de despachos.\u00a0 \u00a0*Solo se despachan ordenes con n\u00famero de pedido asignado y cita previa.\u00a0 Ver detalles aqu\u00ed. Env\u00eda a todo el Per\u00fa 1.Solicita tu env\u00edo a nivel nacional. *El flete es a cargo del comprador y lo puede solicitar y cancelar directamente a [&hellip;]<\/p>\n","protected":false},"author":5,"featured_media":0,"parent":0,"menu_order":3,"comment_status":"closed","ping_status":"closed","template":"","meta":[],"_links":{"self":[{"href":"https:\/\/ecopromocionales.com\/movilpe\/wp-json\/wp\/v2\/pages\/1723"}],"collection":[{"href":"https:\/\/ecopromocionales.com\/movilpe\/wp-json\/wp\/v2\/pages"}],"about":[{"href":"https:\/\/ecopromocionales.com\/movilpe\/wp-json\/wp\/v2\/types\/page"}],"author":[{"embeddable":true,"href":"https:\/\/ecopromocionales.com\/movilpe\/wp-json\/wp\/v2\/users\/5"}],"replies":[{"embeddable":true,"href":"https:\/\/ecopromocionales.com\/movilpe\/wp-json\/wp\/v2\/comments?post=1723"}],"version-history":[{"count":75,"href":"https:\/\/ecopromocionales.com\/movilpe\/wp-json\/wp\/v2\/pages\/1723\/revisions"}],"predecessor-version":[{"id":4910,"href":"https:\/\/ecopromocionales.com\/movilpe\/wp-json\/wp\/v2\/pages\/1723\/revisions\/4910"}],"wp:attachment":[{"href":"https:\/\/ecopromocionales.com\/movilpe\/wp-json\/wp\/v2\/media?parent=1723"}],"curies":[{"name":"wp","href":"https:\/\/api.w.org\/{rel}","templated":true}]}}