{"id":4276,"date":"2021-08-22T19:09:04","date_gmt":"2021-08-23T00:09:04","guid":{"rendered":"http:\/\/ecopromocionales.com\/movilpe\/?page_id=4276"},"modified":"2021-08-22T22:20:37","modified_gmt":"2021-08-23T03:20:37","slug":"registro-distribuidores","status":"publish","type":"page","link":"https:\/\/ecopromocionales.com\/movilpe\/registro-distribuidores\/","title":{"rendered":"Solicitud de registro"},"content":{"rendered":"<p>&nbsp;<\/p>\n<p>Declaro que soy el representante legal de la empresa denominada_________________________ con n\u00famero de RUC______________. En representaci\u00f3n de la misma solicito hacer parte del Programa de Distribuidores Autorizados Eco Regalos Per\u00fa.<\/p>\n<p>As\u00ed mismo declaro que conozco, comprendo y acepto los T\u00e9rminos y Condiciones expresados y descritos en:\u00a0 <span style=\"color: #0000ff;\"><a style=\"color: #0000ff;\" href=\"http:\/\/ecopromocionales.com\/movilpe\/condiciones_distribuidores\" target=\"_blank\" rel=\"noopener\">www.eco-regalos.com\/movilpe\/condiciones_distribuidores<\/a><\/span><\/p>\n<p>&nbsp;<\/p>\n<p><!--more--><\/p>\n<p><strong>Descargar formato:<\/strong><\/p>\n<p><span style=\"color: #0000ff;\"><a style=\"color: #0000ff;\" href=\"http:\/\/ecopromocionales.com\/movilpe\/wp-content\/uploads\/2021\/08\/SOLICITUD-DE-REGISTRO-DISTRIBUIDORES-ECO-REGALOS.pdf\">SOLICITUD DE REGISTRO DISTRIBUIDORES ECO-REGALOS<\/a><\/span><\/p>\n<p>&nbsp;<\/p>\n<p><!--more--><\/p>\n<p><strong>Conocer T\u00e9rminos y condiciones:<\/strong><\/p>\n<p><a href=\"http:\/\/ecopromocionales.com\/movilpe\/condiciones_distribuidores\/\" target=\"_blank\" rel=\"noopener\"><span style=\"color: #0000ff;\">www.eco-regalos.com\/movilpe\/condiciones_distribuidores\u00a0\u00a0<\/span><\/a><\/p>\n","protected":false},"excerpt":{"rendered":"<p>&nbsp; Declaro que soy el representante legal de la empresa denominada_________________________ con n\u00famero de RUC______________. En representaci\u00f3n de la misma solicito hacer parte del Programa de Distribuidores Autorizados Eco Regalos Per\u00fa. As\u00ed mismo declaro que conozco, comprendo y acepto los T\u00e9rminos y Condiciones expresados y descritos en:\u00a0 www.eco-regalos.com\/movilpe\/condiciones_distribuidores &nbsp;<\/p>\n","protected":false},"author":5,"featured_media":4282,"parent":0,"menu_order":0,"comment_status":"closed","ping_status":"closed","template":"","meta":[],"_links":{"self":[{"href":"https:\/\/ecopromocionales.com\/movilpe\/wp-json\/wp\/v2\/pages\/4276"}],"collection":[{"href":"https:\/\/ecopromocionales.com\/movilpe\/wp-json\/wp\/v2\/pages"}],"about":[{"href":"https:\/\/ecopromocionales.com\/movilpe\/wp-json\/wp\/v2\/types\/page"}],"author":[{"embeddable":true,"href":"https:\/\/ecopromocionales.com\/movilpe\/wp-json\/wp\/v2\/users\/5"}],"replies":[{"embeddable":true,"href":"https:\/\/ecopromocionales.com\/movilpe\/wp-json\/wp\/v2\/comments?post=4276"}],"version-history":[{"count":9,"href":"https:\/\/ecopromocionales.com\/movilpe\/wp-json\/wp\/v2\/pages\/4276\/revisions"}],"predecessor-version":[{"id":4334,"href":"https:\/\/ecopromocionales.com\/movilpe\/wp-json\/wp\/v2\/pages\/4276\/revisions\/4334"}],"wp:featuredmedia":[{"embeddable":true,"href":"https:\/\/ecopromocionales.com\/movilpe\/wp-json\/wp\/v2\/media\/4282"}],"wp:attachment":[{"href":"https:\/\/ecopromocionales.com\/movilpe\/wp-json\/wp\/v2\/media?parent=4276"}],"curies":[{"name":"wp","href":"https:\/\/api.w.org\/{rel}","templated":true}]}}