{"id":4288,"date":"2021-08-01T19:29:03","date_gmt":"2021-08-02T00:29:03","guid":{"rendered":"http:\/\/ecopromocionales.com\/movilpe\/?page_id=4288"},"modified":"2022-04-08T14:48:35","modified_gmt":"2022-04-08T19:48:35","slug":"condiciones_distribuidores","status":"publish","type":"page","link":"https:\/\/ecopromocionales.com\/movilpe\/condiciones_distribuidores\/","title":{"rendered":"T\u00e9rminos y Condiciones del Programa de Distribuidores"},"content":{"rendered":"<p>&nbsp;<\/p>\n<p><b>Pol\u00edticas del modelo de distribuidores.<\/b><\/p>\n<p>El presente programa de distribuidores o intermediarios es organizado por ECO REGALOS\u00a0 y se regir\u00e1 por los siguientes t\u00e9rminos y condiciones.<\/p>\n<p>&nbsp;<\/p>\n<p><b>Caracter\u00edsticas generales.<\/b><\/p>\n<p>El programa de distribuidores tiene como objetivo la creaci\u00f3n de una red de comercializadores, intermediarios o mayoristas que puedan beneficiarse de los productos y desarrollos fabricados por ECO REGALOS y as\u00ed mismo darlos a conocer en todo el territorio Nacional.<\/p>\n<p>&nbsp;<\/p>\n<p><b>Requisitos para ser distribuidor.<\/b><\/p>\n<p>Podr\u00e1 participar en el programa de distribuidores toda persona jur\u00eddica constituida en el territorio peruano que desarrolle una actividad comercial af\u00edn o relacionada y que\u00a0 cumpla las siguientes condiciones:<\/p>\n<p>&nbsp;<\/p>\n<p><b>Proceso de inscripci\u00f3n y registro.\u00a0<\/b><\/p>\n<p style=\"padding-left: 30px;\">&#8211; Diligenciar el formulario de inscripci\u00f3n.\u00a0<span style=\"color: #0000ff;\"> <a style=\"color: #0000ff;\" href=\"http:\/\/ecopromocionales.com\/movilpe\/inscripcion-distribuidores\/\" target=\"_blank\" rel=\"noopener\">-Ver Formulario<\/a><\/span><\/p>\n<p style=\"padding-left: 30px;\">&#8211; Adjuntar Solicitud de registro firmada por el representante legal.\u00a0\u00a0<span style=\"color: #0000ff;\"><a style=\"color: #0000ff;\" href=\"http:\/\/ecopromocionales.com\/movilpe\/registro-distribuidores\/\" target=\"_blank\" rel=\"noopener\">-Ver Formato de registro<\/a><\/span><\/p>\n<p style=\"padding-left: 30px;\">&#8211; Adjuntar ficha RUC actualizada.<\/p>\n<p>&nbsp;<\/p>\n<p><b>Aprobaci\u00f3n.<\/b><\/p>\n<p>El nuevo distribuidor estar\u00e1 autorizado para comercializar los productos Eco regalos y usar su material visual como fotos, videos, descripciones, gu\u00edas y otros ) en cuanto reciba la confirmaci\u00f3n por parte del \u00e1rea administrativa.\u00a0No se exige ninguna tasa, o pedido m\u00ednimo de entrada.<\/p>\n<p>&nbsp;<\/p>\n<p><b>Acceso.<\/b><\/p>\n<p>Se asignar\u00e1 un acceso al nuevo distribuidor para visualizar y consultar sobre los descuentos y beneficios vigentes de cada uno de los productos y presentaciones desde la web.<\/p>\n<p>&nbsp;<\/p>\n<p><b>Beneficios y Descuentos.<\/b><\/p>\n<p><em><b>Descuentos<\/b><\/em><\/p>\n<p>El distribuidor podr\u00e1 consultar los descuentos vigentes en la plataforma con su usuario y contrase\u00f1a asignados.<\/p>\n<p><b>\u2022\u00a0<\/b>Los descuentos de los productos Eco Regalos no son intercambiables, transferibles ni reembolsables.<br \/>\n\u2022 Los descuentos nos son acumulables con otras ofertas, promociones, descuentos o cupones.<br \/>\n\u2022 Los descuentos no son aplicables a servicios ni complementos y\/o adicionales.<\/p>\n<p><b><\/b><em><b>R\u00f3tulos personalizados<\/b><\/em><\/p>\n<p>El distribuidor podr\u00e1 solicitar el uso de su imagen\/Marca en los r\u00f3tulos de empaque.<\/p>\n<p>\u2022 Deber\u00e1 adjuntar su logo y\/o slogan en formato editable PDF o AI.<br \/>\n\u2022 Los r\u00f3tulos contienen informaci\u00f3n acerca del contenido del paquete y fecha de entrega. No poseen costos o detalle de descuentos aplicados.<\/p>\n<p><em><b>Referidos a interesados<\/b><\/em><\/p>\n<p>Eco regalos podr\u00e1 recomendar, sugerir o referir un distribuidor a un cliente actual o potencial por los beneficios que este ofrezca.<\/p>\n<p>\u2022 El distribuidor deber\u00e1 pactar las condiciones de venta de su empresa con los referidos y actuar\u00e1 como agente independiente, bajo su propio nombre y NO EN REPRESENTACI\u00d3N DE ECO REGALOS.<\/p>\n<p>\u2022 El distribuidor es libre de entablar negociaciones o no seg\u00fan su criterio.<\/p>\n<p>&nbsp;<\/p>\n<p><b>Condiciones y Restricciones.<\/b><\/p>\n<p><em><b>Territorio<\/b><\/em>: El programa es v\u00e1lido \u00fanicamente para \u00f3rdenes de pedido de productos disponibles en Per\u00fa a trav\u00e9s de la p\u00e1gina web\u00a0<a href=\"http:\/\/ecopromocionales.com\/movilpe\/\" target=\"_blank\" rel=\"noopener\" data-saferedirecturl=\"https:\/\/www.google.com\/url?q=http:\/\/ecopromocionales.com\/movilpe\/&amp;source=gmail&amp;ust=1629760499004000&amp;usg=AFQjCNGQE40xFNnXshaNP1X46tfaPwN9Xg\">https:\/\/eco-regalos.com\/<wbr \/>movilpe\/<\/a><\/p>\n<p><em><b>Beneficios:\u00a0<\/b><\/em>Los descuentos y\/o beneficios otorgados al distribuidor no son intercambiables, transferibles ni reembolsables. Tampoco\u00a0son acumulables con otras ofertas, promociones, descuentos o cupones.<\/p>\n<p><em><b>Tratamiento de Datos Personales<\/b>:<\/em> El distribuidor presta su consentimiento, libre, expreso e informado para que su informaci\u00f3n comercial sea utilizada para ser contactado con ocasi\u00f3n a este programa.<\/p>\n<p><em><b>Validez de la Informaci\u00f3n<\/b>:<\/em> El distribuidor reconoce y acepta que la informaci\u00f3n proporcionada y registrada en el formulario de inscripci\u00f3n y solicitud de registro es veraz y fidedigna, haci\u00e9ndose completamente responsable por su falsedad.<\/p>\n<p>&nbsp;<\/p>\n<p><b>Relaci\u00f3n de las partes.<\/b><\/p>\n<p>El distribuidor comprar\u00e1 y vender\u00e1 bajo su propio nombre y actuar\u00e1 como agente independiente. As\u00ed mismo podr\u00e1\u00a0definir y establecer el valor de los productos de manera libre y aut\u00f3noma<\/p>\n<p>La participaci\u00f3n del distribuidor en el programa de distribuidores no crear\u00e1 ninguna asociaci\u00f3n, empresa mixta, agencia, franquicia, representaci\u00f3n de ventas, o relaci\u00f3n de trabajo entre las partes.<\/p>\n<p>El distribuidor no tendr\u00e1 autoridad para hacer o aceptar ninguna oferta o representaciones en nombre de Eco regalos.<\/p>\n<p>&nbsp;<\/p>\n<p><b>Pedidos, Cambios y devoluciones.<\/b><\/p>\n<p>Los\u00a0<strong>procesos de compra, solicitud de cotizaciones, pedidos\u00a0 y cambios<\/strong> se regir\u00e1n y acoger\u00e1n a las pol\u00edticas generales descritas en:\u00a0<a href=\"http:\/\/ecopromocionales.com\/movilpe\/\" target=\"_blank\" rel=\"noopener\">http:\/\/ecopromocionales.com\/movilpe\/<\/a><\/p>\n<p>&nbsp;<\/p>\n<p><b>Condiciones de pago.<\/b><\/p>\n<p>La cancelaci\u00f3n del valor total del pedido no podr\u00e1\u00a0 sobrepasar\u00a0 la fecha de entrega y\/o fecha plazo indicada en la factura correspondiente. <em>Lo que ocurra primero.<\/em><\/p>\n<p>Los descuentos no son aplicables a pagos a cr\u00e9dito.<\/p>\n<p>&nbsp;<\/p>\n<p><b>Medios de pago.<\/b><\/p>\n<p><em><b>Banco BCP<\/b><\/em><br \/>\nCuenta de ahorros 19338840652-0-80 \/ CCI: 00219313884065208017 a nombre de\u00a0<b>ECO REGALOS SAC<\/b>\u00a0* La transferencia por canales electr\u00f3nicos NO tiene costo de comisi\u00f3n bancaria en ninguna ciudad o provincia.<\/p>\n<p>&nbsp;<\/p>\n<p><b>Plazos.<\/b><br \/>\nEl plazo m\u00e1ximo de pago\u00a0 ser\u00e1 el mismo que el estipulado en la factura,\u00a0 despu\u00e9s de su vencimiento el pedido generar\u00e1 un inter\u00e9s por mora.\u00a0 <span style=\"color: #0000ff;\"><a style=\"color: #0000ff;\" href=\"http:\/\/ecopromocionales.com\/movilpe\/tasas-interes\" target=\"_blank\" rel=\"noopener\">-Ver tabla de tasas<\/a><\/span><\/p>\n<p>Incumplir este plazo de manera reiterativa podr\u00e1 causar la cancelaci\u00f3n y\/o suscripci\u00f3n al programa de distribuidores.<\/p>\n<p>&nbsp;<\/p>\n<p><b>Cumplimiento de las leyes.<\/b><\/p>\n<p>El distribuidor acepta que mientras sea un participante del Programa de Distribuidores cumplir\u00e1 con todas las leyes, ordenanzas, normas, reglamentos, \u00f3rdenes, licencias, permisos, resoluciones judiciales, decisiones u otros requisitos de cualquier autoridad gubernamental que tengan jurisdicci\u00f3n sobre \u00e9l, si esas leyes, etc. Est\u00e1n actualmente en vigor o despu\u00e9s entraran en vigor durante el tiempo en que el distribuidor es un participante del Programa de Distribuidores.<\/p>\n<p>Sin limitar las obligaciones que contin\u00faen, el distribuidor\u00a0 est\u00e1 de acuerdo que como condici\u00f3n de su participaci\u00f3n en el Programa de Distribuidores cumplir\u00e1 con la legislaci\u00f3n aplicable que rigen la comercializaci\u00f3n y\/o promoci\u00f3n por medios electr\u00f3nicos, incluyendo sin limitaci\u00f3n, la\u00a0ley CAN-SPAM\u00a0y otras leyes anti-spam.<\/p>\n<p>&nbsp;<\/p>\n<p><b>Limitaci\u00f3n de responsabilidad.<\/b><\/p>\n<p>Eco regalos no ser\u00e1 responsable de da\u00f1os indirectos, especiales o emergentes (o cualquier p\u00e9rdida de ingresos, beneficios o datos) que surjan en relaci\u00f3n.<\/p>\n<p>&nbsp;<\/p>\n<p><b>Exclusividad.<\/b><\/p>\n<p>El distribuidor podr\u00e1 ofrecer, promocionar, vender o comercializar libremente cualquier otro producto que no sea elaborado de papel plantable. Sin relaci\u00f3n alguna con Eco Regalos.<\/p>\n<p>El distribuidor solo podr\u00e1 comercializar los productos elaborados en papel plantable \/ papel semilla \/ papel sembrable adquirido y\u00a0fabricado\u00a0por Eco regalos. No podr\u00e1 promocionar, vender, ofrecer o comercializar ninguna otra pieza elaborada en este material de papel germinable.<\/p>\n<p>&nbsp;<\/p>\n<p><b>Confidencialidad.<\/b><\/p>\n<p>El distribuidor acuerda tratar la informaci\u00f3n recibida de manera confidencial, evitando su divulgaci\u00f3n a terceros, durante el t\u00e9rmino de este acuerdo y posterior al mismo.<\/p>\n<p>El distribuidor reconoce que entre los secretos de Eco Regalos como empresa se incluye.<\/p>\n<p><em><strong>A. Informaci\u00f3n t\u00e9cnica:<\/strong><\/em> M\u00e9todos, procesos, t\u00e9cnicas, gu\u00edas, sistemas e invensiones.<\/p>\n<p><em><strong>B. Informaci\u00f3n comercial:<\/strong><\/em> Fuentes de suministros y servicios adicionales,\u00a0 cargos o informaci\u00f3n financiera y planes o sistemas de marketing, producci\u00f3n o comercializaci\u00f3n<\/p>\n<p>El distribuidor podr\u00e1 hacer uso de la informaci\u00f3n gr\u00e1fica como im\u00e1genes, fotograf\u00edas, videos, cat\u00e1logos, plantillas y estructuras solo durante su permanencia en el programa de distribuidores autorizados y podr\u00e1 difundirlas en su totalidad o parte de las mismas por cualquier medio digital, electr\u00f3nico o virtual con fines comerciales con la salvedad y limitaci\u00f3n de aquellas utilizaciones que atenten el prestigio e imagen de Eco Regalos.<\/p>\n<p>&nbsp;<\/p>\n<p><b>Facultades de Eco Regalos.<\/b><\/p>\n<p>Cualquier actividad que, a criterio de Eco Regalos, pudiera ser considerada o constitutiva de abuso o uso indebido del programa de distribuidores, as\u00ed como el incumplimiento del presente instrumento o actividad fraudulenta tendr\u00e1 por resultado la p\u00e9rdida de los descuentos, los beneficios y podr\u00e1 derivar en sanciones y\/o la inhabilitaci\u00f3n de la cuenta del distribuidor.<\/p>\n<p>&nbsp;<\/p>\n<p><b>Modificaciones.<\/b><\/p>\n<p>Eco regalos podr\u00e1 modificar estos t\u00e9rminos y condiciones del programa de distribuidores en cualquier momento, sin previo aviso.<\/p>\n<p>Eco Regalos se reserva el derecho de discontinuar, terminar, cancelar, suspender temporal o definitivamente el programa de distribuidores en cualquier momento, sin que ello genere alg\u00fan derecho de efectuar reclamos.<\/p>\n<p>&nbsp;<\/p>\n<p><b>Desactivaci\u00f3n y\/o cancelaci\u00f3n del programa de distribuidores.<\/b><\/p>\n<p>El distribuidor podr\u00e1 cancelar su participaci\u00f3n al programa de distribuidores en cualquier momento, diligenciando el formato de cancelaci\u00f3n. <a href=\"http:\/\/ecopromocionales.com\/movilpe\/cancelacion-distribuidores\" target=\"_blank\" rel=\"noopener\">-Ver formato de cancelaci\u00f3n<\/a><\/p>\n<p>La inactividad en un periodo mayor o igual a 6 meses deshabilitar\u00e1 autom\u00e1ticamente la participaci\u00f3n al programa de distribuidores.<\/p>\n<p>El incumplimiento de\u00a0 las obligaciones, condiciones o pol\u00edticas podr\u00e1n causar la desactivaci\u00f3n y cancelaci\u00f3n a la suscripci\u00f3n del programa de distribuidores de manera inmediata.<\/p>\n<p>&nbsp;<\/p>\n<p><b>Reactivaci\u00f3n.<\/b><\/p>\n<p>Podr\u00e1 solicitar la reactivaci\u00f3n de una cuenta inactiva bajo solicitud expresa y evaluaci\u00f3n de la direcci\u00f3n comercial.<\/p>\n<p>&nbsp;<\/p>\n<p><strong>Queda expresamente establecido que el solo inicio de la participaci\u00f3n y\/o registro\u00a0 por parte del\u00a0 Solicitante, implica la aceptaci\u00f3n total e indubitable del\u00a0 Solicitante a los t\u00e9rminos y condiciones detallados en el presente documento, en virtud de lo cual se obliga a su cabal cumplimiento conforme a lo establecido.<\/strong><\/p>\n","protected":false},"excerpt":{"rendered":"<p>&nbsp; Pol\u00edticas del modelo de distribuidores. El presente programa de distribuidores o intermediarios es organizado por ECO REGALOS\u00a0 y se regir\u00e1 por los siguientes t\u00e9rminos y condiciones. &nbsp; Caracter\u00edsticas generales. El programa de distribuidores tiene como objetivo la creaci\u00f3n de una red de comercializadores, intermediarios o mayoristas que puedan beneficiarse de los productos y desarrollos [&hellip;]<\/p>\n","protected":false},"author":5,"featured_media":0,"parent":0,"menu_order":0,"comment_status":"closed","ping_status":"closed","template":"","meta":[],"_links":{"self":[{"href":"https:\/\/ecopromocionales.com\/movilpe\/wp-json\/wp\/v2\/pages\/4288"}],"collection":[{"href":"https:\/\/ecopromocionales.com\/movilpe\/wp-json\/wp\/v2\/pages"}],"about":[{"href":"https:\/\/ecopromocionales.com\/movilpe\/wp-json\/wp\/v2\/types\/page"}],"author":[{"embeddable":true,"href":"https:\/\/ecopromocionales.com\/movilpe\/wp-json\/wp\/v2\/users\/5"}],"replies":[{"embeddable":true,"href":"https:\/\/ecopromocionales.com\/movilpe\/wp-json\/wp\/v2\/comments?post=4288"}],"version-history":[{"count":24,"href":"https:\/\/ecopromocionales.com\/movilpe\/wp-json\/wp\/v2\/pages\/4288\/revisions"}],"predecessor-version":[{"id":4653,"href":"https:\/\/ecopromocionales.com\/movilpe\/wp-json\/wp\/v2\/pages\/4288\/revisions\/4653"}],"wp:attachment":[{"href":"https:\/\/ecopromocionales.com\/movilpe\/wp-json\/wp\/v2\/media?parent=4288"}],"curies":[{"name":"wp","href":"https:\/\/api.w.org\/{rel}","templated":true}]}}