{"id":4316,"date":"2021-08-22T21:45:20","date_gmt":"2021-08-23T02:45:20","guid":{"rendered":"http:\/\/ecopromocionales.com\/movilpe\/?page_id=4316"},"modified":"2021-08-22T22:12:06","modified_gmt":"2021-08-23T03:12:06","slug":"cancelacion-distribuidores","status":"publish","type":"page","link":"https:\/\/ecopromocionales.com\/movilpe\/cancelacion-distribuidores\/","title":{"rendered":"Cancelaci\u00f3n de participaci\u00f3n al Programa de Distribuidores"},"content":{"rendered":"<p>El distribuidor podr\u00e1 cancelar su participaci\u00f3n al programa de distribuidores en cualquier momento, diligenciando el formato de cancelaci\u00f3n.\u00a0\u00a0 \u00a0El mismo deber\u00e1 contar con la firma del representante legal.\u00a0<span style=\"color: #0000ff;\">\u00a0<\/span><\/p>\n<p>La cancelaci\u00f3n de participaci\u00f3n al programa ejerce la renuncia inmediata a todos los descuentos, beneficios y autorizaci\u00f3n del uso de informaci\u00f3n y material visual, t\u00e9cnico y\/o comercial.<\/p>\n<p>&nbsp;<\/p>\n<p><strong>Descargar formato:<\/strong><\/p>\n<p><span style=\"color: #0000ff;\"><a style=\"color: #0000ff;\" href=\"http:\/\/ecopromocionales.com\/movilpe\/wp-content\/uploads\/2021\/08\/CANCELACION-DE-REGISTRO-DISTRIBUIDORES-ECO-REGALOS.pdf\">CANCELACION DE REGISTRO DISTRIBUIDORES ECO-REGALOS<\/a><\/span><\/p>\n","protected":false},"excerpt":{"rendered":"<p>El distribuidor podr\u00e1 cancelar su participaci\u00f3n al programa de distribuidores en cualquier momento, diligenciando el formato de cancelaci\u00f3n.\u00a0\u00a0 \u00a0El mismo deber\u00e1 contar con la firma del representante legal.\u00a0\u00a0 La cancelaci\u00f3n de participaci\u00f3n al programa ejerce la renuncia inmediata a todos los descuentos, beneficios y autorizaci\u00f3n del uso de informaci\u00f3n y material visual, t\u00e9cnico y\/o comercial. [&hellip;]<\/p>\n","protected":false},"author":5,"featured_media":0,"parent":0,"menu_order":0,"comment_status":"closed","ping_status":"closed","template":"","meta":[],"_links":{"self":[{"href":"https:\/\/ecopromocionales.com\/movilpe\/wp-json\/wp\/v2\/pages\/4316"}],"collection":[{"href":"https:\/\/ecopromocionales.com\/movilpe\/wp-json\/wp\/v2\/pages"}],"about":[{"href":"https:\/\/ecopromocionales.com\/movilpe\/wp-json\/wp\/v2\/types\/page"}],"author":[{"embeddable":true,"href":"https:\/\/ecopromocionales.com\/movilpe\/wp-json\/wp\/v2\/users\/5"}],"replies":[{"embeddable":true,"href":"https:\/\/ecopromocionales.com\/movilpe\/wp-json\/wp\/v2\/comments?post=4316"}],"version-history":[{"count":7,"href":"https:\/\/ecopromocionales.com\/movilpe\/wp-json\/wp\/v2\/pages\/4316\/revisions"}],"predecessor-version":[{"id":4332,"href":"https:\/\/ecopromocionales.com\/movilpe\/wp-json\/wp\/v2\/pages\/4316\/revisions\/4332"}],"wp:attachment":[{"href":"https:\/\/ecopromocionales.com\/movilpe\/wp-json\/wp\/v2\/media?parent=4316"}],"curies":[{"name":"wp","href":"https:\/\/api.w.org\/{rel}","templated":true}]}}