{"id":4324,"date":"2021-08-22T21:55:03","date_gmt":"2021-08-23T02:55:03","guid":{"rendered":"http:\/\/ecopromocionales.com\/movilpe\/?page_id=4324"},"modified":"2021-12-29T18:27:09","modified_gmt":"2021-12-29T23:27:09","slug":"tasas-interes","status":"publish","type":"page","link":"https:\/\/ecopromocionales.com\/movilpe\/tasas-interes\/","title":{"rendered":"Tasas e intereses por mora"},"content":{"rendered":"<p>El plazo m\u00e1ximo de pago ser\u00e1 el mismo que el estipulado en el comprobante de pago ( Factura), despu\u00e9s de su vencimiento el comprobante generar\u00e1 un inter\u00e9s por mora.<\/p>\n<p><strong>Las tasas de inter\u00e9s en mora por d\u00eda en cuanto a las fechas son<\/strong><\/p>\n","protected":false},"excerpt":{"rendered":"<p>El plazo m\u00e1ximo de pago ser\u00e1 el mismo que el estipulado en el comprobante de pago ( Factura), despu\u00e9s de su vencimiento el comprobante generar\u00e1 un inter\u00e9s por mora. Las tasas de inter\u00e9s en mora por d\u00eda en cuanto a las fechas son<\/p>\n","protected":false},"author":5,"featured_media":0,"parent":0,"menu_order":0,"comment_status":"closed","ping_status":"closed","template":"","meta":[],"_links":{"self":[{"href":"https:\/\/ecopromocionales.com\/movilpe\/wp-json\/wp\/v2\/pages\/4324"}],"collection":[{"href":"https:\/\/ecopromocionales.com\/movilpe\/wp-json\/wp\/v2\/pages"}],"about":[{"href":"https:\/\/ecopromocionales.com\/movilpe\/wp-json\/wp\/v2\/types\/page"}],"author":[{"embeddable":true,"href":"https:\/\/ecopromocionales.com\/movilpe\/wp-json\/wp\/v2\/users\/5"}],"replies":[{"embeddable":true,"href":"https:\/\/ecopromocionales.com\/movilpe\/wp-json\/wp\/v2\/comments?post=4324"}],"version-history":[{"count":5,"href":"https:\/\/ecopromocionales.com\/movilpe\/wp-json\/wp\/v2\/pages\/4324\/revisions"}],"predecessor-version":[{"id":4563,"href":"https:\/\/ecopromocionales.com\/movilpe\/wp-json\/wp\/v2\/pages\/4324\/revisions\/4563"}],"wp:attachment":[{"href":"https:\/\/ecopromocionales.com\/movilpe\/wp-json\/wp\/v2\/media?parent=4324"}],"curies":[{"name":"wp","href":"https:\/\/api.w.org\/{rel}","templated":true}]}}