{"id":4591,"date":"2022-02-18T18:52:32","date_gmt":"2022-02-18T23:52:32","guid":{"rendered":"http:\/\/ecopromocionales.com\/movilpe\/?page_id=4591"},"modified":"2022-02-18T18:59:09","modified_gmt":"2022-02-18T23:59:09","slug":"cita","status":"publish","type":"page","link":"https:\/\/ecopromocionales.com\/movilpe\/cita\/","title":{"rendered":"Solicitud de citas &#8211; Despachos"},"content":{"rendered":"<div class=\"wpforms-container wpforms-container-full\" id=\"wpforms-4590\"><form id=\"wpforms-form-4590\" class=\"wpforms-validate wpforms-form\" data-formid=\"4590\" method=\"post\" enctype=\"multipart\/form-data\" action=\"\/movilpe\/wp-json\/wp\/v2\/pages\/4591\" data-token=\"f4d24784056543f120f76858e7ab0118\"><div class=\"wpforms-head-container\"><div class=\"wpforms-description\">*Deber\u00e1s solicitar tu cita por lo menos con (1) un d\u00eda de antelaci\u00f3n a la entrega.\r\n*El pedido deber\u00e1 estar a paz y salvo para la asignaci\u00f3n de recojo.\r\n*Las solicitudes enviadas despu\u00e9s de las 6:00 pm se considerar\u00e1n al siguiente d\u00eda \u00fatil.\r\n<\/div><\/div><noscript class=\"wpforms-error-noscript\">Por favor, activa JavaScript en tu navegador para completar este formulario.<\/noscript><div class=\"wpforms-field-container\"><div id=\"wpforms-4590-field_2-container\" class=\"wpforms-field wpforms-field-number\" data-field-id=\"2\"><label class=\"wpforms-field-label\" for=\"wpforms-4590-field_2\">N\u00famero de pedido <span class=\"wpforms-required-label\">*<\/span><\/label><input type=\"number\" pattern=\"\\d*\" id=\"wpforms-4590-field_2\" class=\"wpforms-field-medium wpforms-field-required\" name=\"wpforms[fields][2]\" required><div class=\"wpforms-field-description\">Numero de pedido o autorizaci\u00f3n.<\/div><\/div><div id=\"wpforms-4590-field_16-container\" class=\"wpforms-field wpforms-field-select wpforms-field-select-style-classic\" data-field-id=\"16\"><label class=\"wpforms-field-label\" for=\"wpforms-4590-field_16\">Tipo de entrega  <span class=\"wpforms-required-label\">*<\/span><\/label><select id=\"wpforms-4590-field_16\" class=\"wpforms-field-medium wpforms-field-required\" name=\"wpforms[fields][16]\" required=\"required\"><option value=\"Entrega total\"  selected='selected'>Entrega total<\/option><option value=\"Entrega parcial \" >Entrega parcial <\/option><\/select><\/div><div id=\"wpforms-4590-field_5-container\" class=\"wpforms-field wpforms-field-name\" data-field-id=\"5\"><label class=\"wpforms-field-label\" for=\"wpforms-4590-field_5\">Nombre completo de quien recoge: <span class=\"wpforms-required-label\">*<\/span><\/label><input type=\"text\" id=\"wpforms-4590-field_5\" class=\"wpforms-field-medium wpforms-field-required\" name=\"wpforms[fields][5]\" required><div class=\"wpforms-field-description\">Persona o empresa transportadora encargada del recojo.<\/div><\/div><div id=\"wpforms-4590-field_13-container\" class=\"wpforms-field wpforms-field-number\" data-field-id=\"13\"><label class=\"wpforms-field-label\" for=\"wpforms-4590-field_13\">Dni o Ruc <span class=\"wpforms-required-label\">*<\/span><\/label><input type=\"number\" pattern=\"\\d*\" id=\"wpforms-4590-field_13\" class=\"wpforms-field-medium wpforms-field-required\" name=\"wpforms[fields][13]\" required><div class=\"wpforms-field-description\">Documento de identidad autorizado al recojo<\/div><\/div><div id=\"wpforms-4590-field_8-container\" class=\"wpforms-field wpforms-field-select wpforms-field-select-style-classic\" data-field-id=\"8\"><label class=\"wpforms-field-label\" for=\"wpforms-4590-field_8\">Lugar de entrega <span class=\"wpforms-required-label\">*<\/span><\/label><select id=\"wpforms-4590-field_8\" class=\"wpforms-field-medium wpforms-field-required\" name=\"wpforms[fields][8]\" required=\"required\"><option value=\"Casillero de despachos, Callao \"  selected='selected'>Casillero de despachos, Callao <\/option><\/select><div class=\"wpforms-field-description\">Asignaci\u00f3n de citas por lo menos con (1) un d\u00eda de antelaci\u00f3n.\r\n<\/div><\/div><div id=\"wpforms-4590-field_17-container\" class=\"wpforms-field wpforms-field-select wpforms-field-select-style-classic\" data-field-id=\"17\"><label class=\"wpforms-field-label\" for=\"wpforms-4590-field_17\">Fecha de recojo <span class=\"wpforms-required-label\">*<\/span><\/label><select id=\"wpforms-4590-field_17\" class=\"wpforms-field-medium wpforms-field-required\" name=\"wpforms[fields][17]\" required=\"required\"><option value=\"Pr\u00f3ximo Lunes (no feriado)\" >Pr\u00f3ximo Lunes (no feriado)<\/option><option value=\"Pr\u00f3ximo Martes (no feriado)\" >Pr\u00f3ximo Martes (no feriado)<\/option><option value=\"Pr\u00f3ximo Mi\u00e9rcoles (no feriado)\" >Pr\u00f3ximo Mi\u00e9rcoles (no feriado)<\/option><option value=\"Pr\u00f3ximo Jueves (no feriado)\" >Pr\u00f3ximo Jueves (no feriado)<\/option><option value=\"Pr\u00f3ximo Viernes (no feriado)\" >Pr\u00f3ximo Viernes (no feriado)<\/option><\/select><div class=\"wpforms-field-description\">Asignaci\u00f3n de citas por lo menos con (1) un d\u00eda de antelaci\u00f3n.\r\n<\/div><\/div><div id=\"wpforms-4590-field_12-container\" class=\"wpforms-field wpforms-field-select wpforms-field-select-style-classic\" data-field-id=\"12\"><label class=\"wpforms-field-label\" for=\"wpforms-4590-field_12\">Hora de recojo: <span class=\"wpforms-required-label\">*<\/span><\/label><select id=\"wpforms-4590-field_12\" class=\"wpforms-field-medium wpforms-field-required\" name=\"wpforms[fields][12]\" required=\"required\"><option value=\"2:00 a 3:00 pm\" >2:00 a 3:00 pm<\/option><option value=\"3:00 a 4:00 pm\"  selected='selected'>3:00 a 4:00 pm<\/option><option value=\"4:00 a 5:00 pm\" >4:00 a 5:00 pm<\/option><option value=\"5:00 a 6:00 pm\" >5:00 a 6:00 pm<\/option><\/select><\/div><\/div><div class=\"wpforms-submit-container\" ><input type=\"hidden\" name=\"wpforms[id]\" value=\"4590\"><input type=\"hidden\" name=\"wpforms[author]\" value=\"5\"><button type=\"submit\" name=\"wpforms[submit]\" class=\"wpforms-submit \" id=\"wpforms-submit-4590\" value=\"wpforms-submit\" aria-live=\"assertive\" data-alt-text=\"Enviando...\" data-submit-text=\"Solicitar\">Solicitar<\/button><\/div><\/form><\/div>  <!-- .wpforms-container -->\n","protected":false},"excerpt":{"rendered":"","protected":false},"author":5,"featured_media":0,"parent":0,"menu_order":0,"comment_status":"closed","ping_status":"closed","template":"","meta":[],"_links":{"self":[{"href":"https:\/\/ecopromocionales.com\/movilpe\/wp-json\/wp\/v2\/pages\/4591"}],"collection":[{"href":"https:\/\/ecopromocionales.com\/movilpe\/wp-json\/wp\/v2\/pages"}],"about":[{"href":"https:\/\/ecopromocionales.com\/movilpe\/wp-json\/wp\/v2\/types\/page"}],"author":[{"embeddable":true,"href":"https:\/\/ecopromocionales.com\/movilpe\/wp-json\/wp\/v2\/users\/5"}],"replies":[{"embeddable":true,"href":"https:\/\/ecopromocionales.com\/movilpe\/wp-json\/wp\/v2\/comments?post=4591"}],"version-history":[{"count":4,"href":"https:\/\/ecopromocionales.com\/movilpe\/wp-json\/wp\/v2\/pages\/4591\/revisions"}],"predecessor-version":[{"id":4595,"href":"https:\/\/ecopromocionales.com\/movilpe\/wp-json\/wp\/v2\/pages\/4591\/revisions\/4595"}],"wp:attachment":[{"href":"https:\/\/ecopromocionales.com\/movilpe\/wp-json\/wp\/v2\/media?parent=4591"}],"curies":[{"name":"wp","href":"https:\/\/api.w.org\/{rel}","templated":true}]}}