{"id":1107,"date":"2018-10-11T18:14:30","date_gmt":"2018-10-11T23:14:30","guid":{"rendered":"http:\/\/ecopromocionales.com\/movilpe\/?post_type=product&#038;p=1107"},"modified":"2024-09-02T11:10:25","modified_gmt":"2024-09-02T16:10:25","slug":"340","status":"publish","type":"product","link":"https:\/\/ecopromocionales.com\/movilpe\/producto\/340\/","title":{"rendered":"Tag Ecol\u00f3gico + Tag Plantable <br><font size=\"2\"> Cantidad min\u00edma: 1000 Unidades <\/font>"},"content":{"rendered":"<h5><span style=\"color: #999999;\"><span style=\"color: #808080;\">Cord\u00f3n en fibra natural de yute adicional.<\/span><\/span><\/h5>\n<h5><span style=\"color: #999999;\"><strong>Solicita la plantilla de dise\u00f1o para elaborar el arte con tu marca o dise\u00f1o.<\/strong><\/span><\/h5>\n<h5><span style=\"color: #0000ff;\"><a style=\"color: #0000ff;\" href=\"http:\/\/ecopromocionales.com\/movilpe\/wp-content\/uploads\/2021\/02\/Especificaciones-y-recomendaciones-papel-plantable-01.jpg\" target=\"_blank\" rel=\"noopener\">Ver especificaciones t\u00e9cnicas y recomendaciones de dise\u00f1o dando click aqu\u00ed.<\/a><\/span><\/h5>\n<h5><span style=\"color: #999999;\"><em>Este producto es elaborado con papel semilla (Capacidad germinativa: 70<\/em>%<em>&nbsp;a 90<\/em>%<em>&nbsp;)<\/em><em>&nbsp;Impreso con tintas ecol\u00f3gicas&nbsp;a base de soya.<\/em><\/span><\/h5>\n<p><!--more--> <span style=\"color: #808080;\"><em>Consultar disponibilidad.<\/em><\/span><\/p>\n","protected":false},"excerpt":{"rendered":"<p><span style=\"color: #808080;\"><span style=\"font-family: Arial; font-size: medium;\">Tarjeta Ecol\u00f3gica acompa\u00f1ada de una figurita de papel germinable para sembrar.<\/span> <span style=\"font-family: Arial; font-size: medium;\">Desprendes <span style=\"color: #008080;\"><strong>el papel germinable y lo siembras para cultivar<\/strong>\u00a0<strong>hermosas plantitas<\/strong><\/span><\/span><span style=\"font-family: Arial; font-size: medium;\">. La tarjeta la conservas como recuerdo. <\/span> <span style=\"font-family: Arial; font-size: medium;\">Puedes escoger entre\u00a0<\/span><strong><span style=\"font-family: Arial; font-size: medium;\">FLORES, UN BONS\u00c1I o VEGETALES.<\/span><\/strong> <span style=\"color: #008080;\"><strong><em><span style=\"font-family: Arial; font-size: medium;\">Solo agregamos agua y crecen las plantas!<\/span><\/em><\/strong><\/span><\/span><\/p>\n<p><span style=\"color: #808080;\"><span style=\"color: #008080;\"><strong>Tama\u00f1o:\u00a0<\/strong> <\/span><\/span><\/p>\n<p><span style=\"color: #808080;\"><strong>Tarjeta Ecol\u00f3gica<\/strong>: Hasta 5.0 cm<\/span><\/p>\n<p><span style=\"color: #808080;\"><strong>Formas en Papel Germinable<\/strong>: Hasta 5.0 cm (Ver catalogo de formas)\u00a0<\/span><\/p>\n<p><span style=\"color: #808080;\"><em>Las medidas pueden variar seg\u00fan la forma elegida<\/em><\/span><\/p>\n<p><span style=\"color: #008080;\"><strong>Personalizaci\u00f3n Incluida:<\/strong><\/span><\/p>\n<p><span style=\"color: #808080;\">\u2013 Tu marca, dise\u00f1o o mensaje\u00a0<strong>full color<\/strong>\u00a0en la tarjeta Ecol\u00f3gica\u00a0<em>(1 cara)<\/em><\/span><\/p>\n<p><span style=\"color: #808080;\">\u2013 Tu logo\u00a0<strong>full color<\/strong>\u00a0en la moneda plantable.\u00a0<em>(a partir de 5000 unidades)<\/em><\/span><\/p>\n<h6><span style=\"color: #008080;\"><strong><i>Env\u00edanos<\/i><em>\u00a0tu dise\u00f1o, recuerda reservar un espacio para las instrucciones de siembra.<\/em><\/strong><\/span><\/h6>\n<p><span style=\"color: #008080;\"><strong>Semillas disponibles:\u00a0\u00a0<\/strong><\/span><a href=\"http:\/\/ecopromocionales.com\/movilpe\/semillas-de-temporada\/\" target=\"_blank\" rel=\"noopener\">Ver lista de especies de temporada<\/a><\/p>\n","protected":false},"featured_media":2240,"comment_status":"open","ping_status":"closed","template":"","meta":[],"_links":{"self":[{"href":"https:\/\/ecopromocionales.com\/movilpe\/wp-json\/wp\/v2\/product\/1107"}],"collection":[{"href":"https:\/\/ecopromocionales.com\/movilpe\/wp-json\/wp\/v2\/product"}],"about":[{"href":"https:\/\/ecopromocionales.com\/movilpe\/wp-json\/wp\/v2\/types\/product"}],"replies":[{"embeddable":true,"href":"https:\/\/ecopromocionales.com\/movilpe\/wp-json\/wp\/v2\/comments?post=1107"}],"wp:featuredmedia":[{"embeddable":true,"href":"https:\/\/ecopromocionales.com\/movilpe\/wp-json\/wp\/v2\/media\/2240"}],"wp:attachment":[{"href":"https:\/\/ecopromocionales.com\/movilpe\/wp-json\/wp\/v2\/media?parent=1107"}],"curies":[{"name":"wp","href":"https:\/\/api.w.org\/{rel}","templated":true}]}}