{"id":1121,"date":"2018-10-11T23:50:35","date_gmt":"2018-10-12T04:50:35","guid":{"rendered":"http:\/\/ecopromocionales.com\/movilpe\/?post_type=product&#038;p=1121"},"modified":"2022-08-31T13:36:04","modified_gmt":"2022-08-31T18:36:04","slug":"60","status":"publish","type":"product","link":"https:\/\/ecopromocionales.com\/movilpe\/producto\/60\/","title":{"rendered":"Tarjeta Macetera con Semillas<br><font size=\"2\"> Cantidad min\u00edma: 5000 Unidades <\/font>"},"content":{"rendered":"<h5><strong><span style=\"color: #808080;\">Solicita la plantilla de dise\u00f1o para elaborar el arte con tu marca o dise\u00f1o.<\/span><\/strong><\/h5>\n<h5><a href=\"http:\/\/ecopromocionales.com\/movilpe\/wp-content\/uploads\/2021\/02\/Especificaciones-y-recomendaciones-papel-plantable-01.jpg\" target=\"_blank\" rel=\"noopener\"><span style=\"color: #0000ff;\">Ver especificaciones t\u00e9cnicas y recomendaciones de dise\u00f1o dando click aqu\u00ed.<\/span><\/a><\/h5>\n<h5><em><span style=\"color: #808080;\">Este producto es elaborado con papel semilla (Capacidad germinativa: 70<\/span><\/em><span style=\"color: #808080;\">%<\/span><em><span style=\"color: #808080;\"> a 90<\/span><\/em><span style=\"color: #808080;\">%<\/span><em><span style=\"color: #808080;\"> )<\/span><\/em><em><span style=\"color: #808080;\"> Impreso con tintas ecol\u00f3gicas\u00a0a base de soya.<\/span><\/em><\/h5>\n","protected":false},"excerpt":{"rendered":"<p><span style=\"color: #808080;\"><span style=\"font-family: Arial; font-size: medium;\"><strong>Tarjeta que se abre para convertirse en maceta<\/strong>, solo debes agregar\u00a0<\/span><span style=\"font-family: Arial; font-size: medium;\">el sustrato de abono incluido junto con las semillas pre plantadas\u00a0<\/span>y ver\u00e1s como comienzan a crecer tus plantitas.\u00a0<\/span><\/p>\n<p><em><span style=\"color: #808080;\">Germina flores, especias, bons\u00e1i y plantas medicinales<\/span><\/em><\/p>\n<p><strong><span style=\"color: #33cccc;\">La tarjeta siempre estar\u00e1 expuesta y\u00a0visible para todos, con tu mensaje siempre presente!<\/span><\/strong><\/p>\n<p><span style=\"color: #808080;\"><em>Podemos incluir el CALENDARIO 2019 EN LA TARJETA CON SU LOGO<\/em><\/span><\/p>\n<p><strong><span style=\"color: #33cccc;\">Personalizaci\u00f3n incluida:<\/span><\/strong><\/p>\n<p><span style=\"color: #808080;\">\u00a0&#8211; Tu dise\u00f1o o marca <strong>full color<\/strong> por ambos lados.<\/span><\/p>\n<p><span style=\"color: #808080;\"><em>(se reserva un\u00a0<\/em><em>espacio\u00a0<\/em><em>para instrucciones de siembra)<\/em><\/span><\/p>\n<p><strong><span style=\"color: #33cccc;\">Incluye:<\/span><\/strong><\/p>\n<p><span style=\"color: #808080;\">&#8211; Tarjeta macetera semillera<\/span><\/p>\n<p><span style=\"color: #808080;\">&#8211; Eco germinador con semillas pre plantadas. Tu eliges la especie!<\/span><\/p>\n<p><span style=\"color: #808080;\">&#8211; Sustrato de abono\u00a0<\/span><\/p>\n<p>&nbsp;<\/p>\n<p><span style=\"color: #33cccc;\"><strong>Tama\u00f1o:<\/strong><\/span><\/p>\n<p><span style=\"color: #808080;\"><strong>Cerrada:<\/strong> 12 cm x 8.5 cm<\/span><\/p>\n<p><span style=\"color: #808080;\"><strong>Abierta:<\/strong> 24 cm x 8.5 cm<\/span><\/p>\n<p><strong><span style=\"color: #808080;\">Duraci\u00f3n en escritorio: 3.4 meses aprox.<\/span><\/strong><\/p>\n","protected":false},"featured_media":2195,"comment_status":"open","ping_status":"closed","template":"","meta":[],"_links":{"self":[{"href":"https:\/\/ecopromocionales.com\/movilpe\/wp-json\/wp\/v2\/product\/1121"}],"collection":[{"href":"https:\/\/ecopromocionales.com\/movilpe\/wp-json\/wp\/v2\/product"}],"about":[{"href":"https:\/\/ecopromocionales.com\/movilpe\/wp-json\/wp\/v2\/types\/product"}],"replies":[{"embeddable":true,"href":"https:\/\/ecopromocionales.com\/movilpe\/wp-json\/wp\/v2\/comments?post=1121"}],"wp:featuredmedia":[{"embeddable":true,"href":"https:\/\/ecopromocionales.com\/movilpe\/wp-json\/wp\/v2\/media\/2195"}],"wp:attachment":[{"href":"https:\/\/ecopromocionales.com\/movilpe\/wp-json\/wp\/v2\/media?parent=1121"}],"curies":[{"name":"wp","href":"https:\/\/api.w.org\/{rel}","templated":true}]}}