{"id":1142,"date":"2018-10-12T01:53:00","date_gmt":"2018-10-12T06:53:00","guid":{"rendered":"http:\/\/ecopromocionales.com\/movilpe\/?post_type=product&#038;p=1142"},"modified":"2023-11-27T16:44:40","modified_gmt":"2023-11-27T21:44:40","slug":"332","status":"publish","type":"product","link":"https:\/\/ecopromocionales.com\/movilpe\/producto\/332\/","title":{"rendered":"L\u00e1piz Semilla Plantable Grabado + Porta l\u00e1piz Personalizado <br><font size=\"2\"> Cantidad min\u00edma: 500 Unidades <\/font>"},"content":{"rendered":"<p><span style=\"color: #808080;\"><em><strong>Elecci\u00f3n del modelo de l\u00e1piz y\/o porta l\u00e1piz a partir de 1000 unidades. Cantidades menores sujetas a stock.\u00a0<\/strong><\/em><\/span><\/p>\n<p><span style=\"color: #808080;\"><em>Solicita la plantilla de dise\u00f1o para elaborar el arte con tu marca, dise\u00f1o o evento.<\/em><\/span><\/p>\n<p><span style=\"color: #808080;\"><em>Consultar stock.\u00a0<\/em><\/span><\/p>\n<p>&nbsp;<\/p>\n","protected":false},"excerpt":{"rendered":"<p><span style=\"color: #808080;\"><b>L\u00c1PIZ QUE DA VIDA!\u00a0<\/b><span style=\"color: #808080;\">Contiene SEMILLAS\u00a0<\/span>y al sembrarlos se convierten en lindas plantas\u00a0<\/span><\/p>\n<p><span style=\"color: #808080;\"><span style=\"color: #808080;\">Cuando el l\u00e1piz acaba su vida \u00fatil y se pone peque\u00f1o,\u00a0<\/span><strong style=\"color: #808080;\">lo sembramos <\/strong><span style=\"color: #808080;\">en una maceta\u00a0o jard\u00edn para ver crecer unas hermosas plantas, que pueden ser <\/span><b style=\"color: #808080;\">lindas flores, hermosos \u00e1rboles <\/b><span style=\"color: #808080;\"><b>bons\u00e1i<\/b><\/span><b style=\"color: #808080;\">\u00a0o deliciosos vegetales.<\/b><\/span><\/p>\n<p><span style=\"color: #808080;\"><strong><span style=\"color: #008080;\">Incluye:<\/span> <\/strong><\/span><\/p>\n<p><span style=\"color: #808080;\">-Grabado de tu logo o mensaje a 1 color.<\/span><\/p>\n<p><span style=\"color: #808080;\">-Porta l\u00e1piz <strong>ecol\u00f3gico<\/strong> personalizado<strong> full color<\/strong> con tu marca o dise\u00f1o. <em>(1 cara)<\/em><\/span><\/p>\n<p><span style=\"color: #808080;\">Opci\u00f3n tajado o sin tajar.\u00a0<em> (seg\u00fan disponibilidad)<\/em><\/span><\/p>\n<p><span style=\"color: #008080;\"><strong><em>Un promocional muy original, con sentido ecol\u00f3gico y que aporta oxigeno al planeta.<\/em><\/strong><\/span><\/p>\n<p style=\"padding-left: 30px;\"><strong><span style=\"color: #008080;\">Semillas disponibles:<\/span>\u00a0\u00a0<\/strong><span style=\"color: #0000ff;\"><a style=\"color: #0000ff;\" href=\"http:\/\/ecopromocionales.com\/movilpe\/semillas-de-temporada\/\" target=\"_blank\" rel=\"noopener\">Ver lista de especies de temporada<\/a><\/span><\/p>\n<p><em><span style=\"color: #808080;\">A continuaci\u00f3n selecciona la cantidad de tu inter\u00e9s para conocer su costo.<\/span><\/em><\/p>\n","protected":false},"featured_media":4885,"comment_status":"open","ping_status":"closed","template":"","meta":[],"_links":{"self":[{"href":"https:\/\/ecopromocionales.com\/movilpe\/wp-json\/wp\/v2\/product\/1142"}],"collection":[{"href":"https:\/\/ecopromocionales.com\/movilpe\/wp-json\/wp\/v2\/product"}],"about":[{"href":"https:\/\/ecopromocionales.com\/movilpe\/wp-json\/wp\/v2\/types\/product"}],"replies":[{"embeddable":true,"href":"https:\/\/ecopromocionales.com\/movilpe\/wp-json\/wp\/v2\/comments?post=1142"}],"wp:featuredmedia":[{"embeddable":true,"href":"https:\/\/ecopromocionales.com\/movilpe\/wp-json\/wp\/v2\/media\/4885"}],"wp:attachment":[{"href":"https:\/\/ecopromocionales.com\/movilpe\/wp-json\/wp\/v2\/media?parent=1142"}],"curies":[{"name":"wp","href":"https:\/\/api.w.org\/{rel}","templated":true}]}}