{"id":1168,"date":"2018-11-17T19:11:06","date_gmt":"2018-11-18T00:11:06","guid":{"rendered":"http:\/\/ecopromocionales.com\/movilpe\/?post_type=product&#038;p=1168"},"modified":"2024-09-02T11:09:19","modified_gmt":"2024-09-02T16:09:19","slug":"414","status":"publish","type":"product","link":"https:\/\/ecopromocionales.com\/movilpe\/producto\/414\/","title":{"rendered":"Posa Vasos Plantables <br><font size=\"2\"> Cantidad min\u00edma: 500 Unidades <\/font>"},"content":{"rendered":"<h5>Cantidades menores a 5.000 unidades sujetas a stock.<\/h5>\n<h5><strong><span style=\"color: #808080;\">Solicita la plantilla de dise\u00f1o para elaborar el arte con tu marca o dise\u00f1o.<\/span><\/strong><\/h5>\n<h5><a href=\"http:\/\/ecopromocionales.com\/movilpe\/wp-content\/uploads\/2021\/02\/Especificaciones-y-recomendaciones-papel-plantable-01.jpg\" target=\"_blank\" rel=\"noopener\"><span style=\"color: #0000ff;\">Ver especificaciones t\u00e9cnicas y recomendaciones de dise\u00f1o dando click aqu\u00ed.<\/span><\/a><\/h5>\n<h5><em><span style=\"color: #808080;\">Este producto es elaborado con papel semilla (Capacidad germinativa: 70<\/span><\/em><span style=\"color: #808080;\">%<\/span><em><span style=\"color: #808080;\"> a 90<\/span><\/em><span style=\"color: #808080;\">%<\/span><em><span style=\"color: #808080;\"> )<\/span><\/em><em><span style=\"color: #808080;\"> Impreso con tintas ecol\u00f3gicas&nbsp;a base de soya.<\/span><\/em><\/h5>\n","protected":false},"excerpt":{"rendered":"[xyz-ips snippet=\"solicitarcotizacion\"]\n<p><span style=\"color: #808080;\">Hermosos posa vasos personalizados que se siembran. Cuando dejan de ser \u00fatiles <strong>se pueden convertir en una linda planta<\/strong> que puede ser un bons\u00e1i de \u00e1rbol, unos deliciosos vegetales y hortalizas o\u00a0 unas lindas flores. Tu eliges!<\/span><\/p>\n<p><span style=\"color: #008080;\"><b>Marca la diferencia\u00a0obsequiando vida y alimentos en tus posa vasos !<\/b><\/span><\/p>\n<p><em><strong><span style=\"color: #808080;\">\u00a0Aportan oxigeno al medio ambiente!<\/span><\/strong><\/em><!--more--><\/p>\n<p><span style=\"color: #008080;\"><strong><span style=\"color: #33cccc;\"><span style=\"color: #008080;\">Formas disponibles:<\/span><\/span><\/strong><\/span><\/p>\n<p><span style=\"color: #808080;\"><strong>Cuadrado con puntas redondeadas: <\/strong>8.5 cm x 8.5 cm\u00a0<\/span><\/p>\n<p><span style=\"color: #008080;\"><strong>Impresi\u00f3n incluida:\u00a0\u00a0<\/strong><\/span><span style=\"color: #808080;\">Tu marca o dise\u00f1o\u00a0<strong>Full color.<\/strong>\u00a0<em>(a partir de 5000 unidades)<\/em><\/span><\/p>\n<h6><span style=\"color: #008080;\"><strong><i>Env\u00edanos<\/i><em>\u00a0tu dise\u00f1o, recuerda reservar un espacio para las instrucciones de siembra.<\/em><\/strong><\/span><\/h6>\n<p><!--more--><\/p>\n<p><span style=\"color: #008080;\"><strong>Semillas disponibles:\u00a0\u00a0<\/strong><\/span><span style=\"color: #0000ff;\"><a style=\"color: #0000ff;\" href=\"http:\/\/ecopromocionales.com\/movilpe\/semillas-de-temporada\/\" target=\"_blank\" rel=\"noopener\">Ver lista de especies de temporada<\/a><\/span><\/p>\n","protected":false},"featured_media":1170,"comment_status":"open","ping_status":"closed","template":"","meta":[],"_links":{"self":[{"href":"https:\/\/ecopromocionales.com\/movilpe\/wp-json\/wp\/v2\/product\/1168"}],"collection":[{"href":"https:\/\/ecopromocionales.com\/movilpe\/wp-json\/wp\/v2\/product"}],"about":[{"href":"https:\/\/ecopromocionales.com\/movilpe\/wp-json\/wp\/v2\/types\/product"}],"replies":[{"embeddable":true,"href":"https:\/\/ecopromocionales.com\/movilpe\/wp-json\/wp\/v2\/comments?post=1168"}],"wp:featuredmedia":[{"embeddable":true,"href":"https:\/\/ecopromocionales.com\/movilpe\/wp-json\/wp\/v2\/media\/1170"}],"wp:attachment":[{"href":"https:\/\/ecopromocionales.com\/movilpe\/wp-json\/wp\/v2\/media?parent=1168"}],"curies":[{"name":"wp","href":"https:\/\/api.w.org\/{rel}","templated":true}]}}