{"id":1351,"date":"2019-02-07T21:35:34","date_gmt":"2019-02-08T02:35:34","guid":{"rendered":"http:\/\/ecopromocionales.com\/movilpe\/?post_type=product&#038;p=1351"},"modified":"2023-10-23T13:11:06","modified_gmt":"2023-10-23T18:11:06","slug":"334","status":"publish","type":"product","link":"https:\/\/ecopromocionales.com\/movilpe\/producto\/334\/","title":{"rendered":"Volantes con Semillas <br><font size=\"2\"> Cantidad min\u00edma: 1000 Unidades <\/font>"},"content":{"rendered":"<h5>Cantidades menores a 5.000 unidades sujetas a stock.<\/h5>\n<h5><strong><span style=\"color: #808080;\">Solicita la plantilla de dise\u00f1o para elaborar el arte con tu marca o dise\u00f1o.<\/span><\/strong><\/h5>\n<h5><a href=\"http:\/\/ecopromocionales.com\/movilpe\/wp-content\/uploads\/2021\/02\/Especificaciones-y-recomendaciones-papel-plantable-01.jpg\" target=\"_blank\" rel=\"noopener\"><span style=\"color: #0000ff;\">Ver especificaciones t\u00e9cnicas y recomendaciones de dise\u00f1o dando click aqu\u00ed.<\/span><\/a><\/h5>\n<h5><\/h5>\n<p>&nbsp;<\/p>\n","protected":false},"excerpt":{"rendered":"[xyz-ips snippet=\"solicitarcotizacion\"]\n<p><span style=\"color: #808080;\"><strong>Volantes<\/strong><strong>\u00a0full color con semillas desprendibles\u00a0<\/strong><strong>para sembrar y germinar<\/strong> un hermoso \u00c1RBOL, UNAS FLORES O UNOS VEGETALES!<\/span><\/p>\n<p><span style=\"color: #008080;\"><b>Desde el primer impacto ser\u00e1 vinculada tu marca con un mensaje de responsabilidad ambiental. Sembrar y cosechar\u00a0el logo habla muy bien de la marca.<\/b><\/span><\/p>\n<p><em><span style=\"color: #808080;\">Puedes elegir entre las plantas disponibles, puede ser una flor, bons\u00e1i, arom\u00e1tica o huerta \u00a1\u00a1tu eliges!!<\/span><\/em><\/p>\n<p><span style=\"color: #808080;\"><strong>Regala flores o arboles con tus volantes!\u00a0<\/strong><\/span><\/p>\n<p><span style=\"color: #008080;\"><strong>Tama\u00f1o:<\/strong> <\/span><\/p>\n<p><span style=\"color: #808080;\">A6<\/span><\/p>\n<p><span style=\"color: #008080;\"><strong>Personalizaci\u00f3n incluida:\u00a0<\/strong><\/span><\/p>\n<p>&#8211;<span style=\"color: #808080;\"> Tu dise\u00f1o o marca<strong> full color<\/strong> sobre el volante.<\/span><\/p>\n<p><span style=\"color: #808080;\">&#8211; Tu logo en la moneda plantable germinable <em>(desde 5000 unidades en adelante)<\/em><\/span><\/p>\n<p><span style=\"color: #008080;\"><strong>Semillas disponibles:\u00a0\u00a0<\/strong><\/span><span style=\"color: #0000ff;\"><a style=\"color: #0000ff;\" href=\"http:\/\/ecopromocionales.com\/movilpe\/semillas-de-temporada\/\" target=\"_blank\" rel=\"noopener\">Ver lista de especies de temporada<\/a><\/span><\/p>\n","protected":false},"featured_media":2200,"comment_status":"open","ping_status":"closed","template":"","meta":[],"_links":{"self":[{"href":"https:\/\/ecopromocionales.com\/movilpe\/wp-json\/wp\/v2\/product\/1351"}],"collection":[{"href":"https:\/\/ecopromocionales.com\/movilpe\/wp-json\/wp\/v2\/product"}],"about":[{"href":"https:\/\/ecopromocionales.com\/movilpe\/wp-json\/wp\/v2\/types\/product"}],"replies":[{"embeddable":true,"href":"https:\/\/ecopromocionales.com\/movilpe\/wp-json\/wp\/v2\/comments?post=1351"}],"wp:featuredmedia":[{"embeddable":true,"href":"https:\/\/ecopromocionales.com\/movilpe\/wp-json\/wp\/v2\/media\/2200"}],"wp:attachment":[{"href":"https:\/\/ecopromocionales.com\/movilpe\/wp-json\/wp\/v2\/media?parent=1351"}],"curies":[{"name":"wp","href":"https:\/\/api.w.org\/{rel}","templated":true}]}}