{"id":1706,"date":"2019-05-06T19:45:32","date_gmt":"2019-05-07T00:45:32","guid":{"rendered":"http:\/\/ecopromocionales.com\/movilpe\/?post_type=product&#038;p=1706"},"modified":"2022-07-07T11:13:44","modified_gmt":"2022-07-07T16:13:44","slug":"370","status":"publish","type":"product","link":"https:\/\/ecopromocionales.com\/movilpe\/producto\/370\/","title":{"rendered":"Lapicero Plantable de Papel Ecol\u00f3gico<br><font size=\"2\"> Cantidad min\u00edma: 5000 Unidades <\/font>"},"content":{"rendered":"<p>&nbsp;<\/p>\n<p><span style=\"color: #808080;\">Puedes elegir las semillas entre las especies disponibles de \u00e1rboles, flores y vegetales.\u00a0<\/span><\/p>\n","protected":false},"excerpt":{"rendered":"[xyz-ips snippet=\"solicitarcotizacion\"]\n<p><span style=\"color: #808080;\">Lapicero o bol\u00edgrafo ecol\u00f3gico que se convierte en lindas flores o \u00e1rboles.\u00a0\u00a0<\/span><\/p>\n<p><span style=\"color: #808080;\">Adem\u00e1s de ser un promocional eco amigable al acabar su vida \u00fatil <strong>lo sembramos para cultivar una linda planta que aporta ox\u00edgeno al planeta<\/strong> y nos regala una experiencia \u00fanica e innolvidable!\u00a0<\/span><\/p>\n<p><strong><span style=\"color: #808080;\">Puedes elegir las semillas entre las especies disponibles de \u00e1rboles, Flores y vegetales.\u00a0<\/span><\/strong><\/p>\n<p><span style=\"color: #33cccc;\"><strong>Personalizaci\u00f3n incluida:\u00a0<\/strong><\/span><\/p>\n<p><span style=\"color: #808080;\">&#8211; Tu marca o dise\u00f1o full color sobre el bol\u00edgrafo con semillas.\u00a0<\/span><\/p>\n[xyz-ips snippet=\"listaespecies\"]\n<p>&nbsp;<\/p>\n","protected":false},"featured_media":2185,"comment_status":"open","ping_status":"closed","template":"","meta":[],"_links":{"self":[{"href":"https:\/\/ecopromocionales.com\/movilpe\/wp-json\/wp\/v2\/product\/1706"}],"collection":[{"href":"https:\/\/ecopromocionales.com\/movilpe\/wp-json\/wp\/v2\/product"}],"about":[{"href":"https:\/\/ecopromocionales.com\/movilpe\/wp-json\/wp\/v2\/types\/product"}],"replies":[{"embeddable":true,"href":"https:\/\/ecopromocionales.com\/movilpe\/wp-json\/wp\/v2\/comments?post=1706"}],"wp:featuredmedia":[{"embeddable":true,"href":"https:\/\/ecopromocionales.com\/movilpe\/wp-json\/wp\/v2\/media\/2185"}],"wp:attachment":[{"href":"https:\/\/ecopromocionales.com\/movilpe\/wp-json\/wp\/v2\/media?parent=1706"}],"curies":[{"name":"wp","href":"https:\/\/api.w.org\/{rel}","templated":true}]}}