{"id":1799,"date":"2022-03-29T21:39:43","date_gmt":"2022-03-30T02:39:43","guid":{"rendered":"http:\/\/ecopromocionales.com\/movilpe\/?post_type=product&#038;p=1799"},"modified":"2024-10-18T10:52:31","modified_gmt":"2024-10-18T15:52:31","slug":"354","status":"publish","type":"product","link":"https:\/\/ecopromocionales.com\/movilpe\/producto\/354\/","title":{"rendered":"L\u00e1piz Semilla Plantable <br><font size=\"2\"> Cantidad min\u00edma: 50 Unidades <\/font>"},"content":{"rendered":"<p><span style=\"color: #808080;\">*Opci\u00f3n tajado o sin tajar (Consultar disponibilidad)<\/span><\/p>\n<p><span style=\"color: #808080;\">*Opci\u00f3n de elecci\u00f3n del color del compartimento (desde 1000 unidades)<\/span><\/p>\n<p><span style=\"color: #808080;\">* Opci\u00f3n de personalizaci\u00f3n adicional.<\/span><span style=\"color: #808080;\">&nbsp; <a href=\"http:\/\/ecopromocionales.com\/movilpe\/categoria-producto\/lapiz_semilla\/\" target=\"_blank\" rel=\"noopener\">Ver aqui<\/a><\/span><\/p>\n","protected":false},"excerpt":{"rendered":"<p><span style=\"color: #808080;\"><b>L\u00c1PIZ QUE DA VIDA!\u00a0<\/b>Contiene SEMILLAS\u00a0y al sembrarlos se convierten en lindas plantas\u00a0<\/span><\/p>\n<p><span style=\"color: #808080;\">Cuando el l\u00e1piz acaba su vida \u00fatil y se pone peque\u00f1o,\u00a0<strong>lo sembramos <\/strong>en una maceta\u00a0o jard\u00edn para ver crecer unas hermosas plantas, que pueden ser <strong>lindas flores, hermosos \u00e1rboles o deliciosos vegetales.<\/strong><\/span><\/p>\n<p><span style=\"color: #008080;\"><strong><em>Un promocional muy original, con sentido ecol\u00f3gico y que aporta oxigeno al planeta.<\/em><\/strong><\/span><\/p>\n<p style=\"padding-left: 30px;\"><strong><span style=\"color: #008080;\">Semillas disponibles:<\/span>\u00a0\u00a0<\/strong><span style=\"color: #0000ff;\"><a style=\"color: #0000ff;\" href=\"http:\/\/ecopromocionales.com\/movilpe\/semillas-de-temporada\/\" target=\"_blank\" rel=\"noopener\">Ver lista de especies de temporada<\/a><\/span><\/p>\n<p><span style=\"color: #808080;\">*Color del l\u00e1piz\u00a0sujeto\u00a0a disponibilidad de inventario.<\/span><\/p>\n<p><em><span style=\"color: #808080;\"><span style=\"color: #808080;\">A continuaci\u00f3n selecciona la cantidad de tu inter\u00e9s para conocer su costo.\u00a0<\/span><\/span><\/em><\/p>\n","protected":false},"featured_media":2197,"comment_status":"open","ping_status":"closed","template":"","meta":[],"_links":{"self":[{"href":"https:\/\/ecopromocionales.com\/movilpe\/wp-json\/wp\/v2\/product\/1799"}],"collection":[{"href":"https:\/\/ecopromocionales.com\/movilpe\/wp-json\/wp\/v2\/product"}],"about":[{"href":"https:\/\/ecopromocionales.com\/movilpe\/wp-json\/wp\/v2\/types\/product"}],"replies":[{"embeddable":true,"href":"https:\/\/ecopromocionales.com\/movilpe\/wp-json\/wp\/v2\/comments?post=1799"}],"wp:featuredmedia":[{"embeddable":true,"href":"https:\/\/ecopromocionales.com\/movilpe\/wp-json\/wp\/v2\/media\/2197"}],"wp:attachment":[{"href":"https:\/\/ecopromocionales.com\/movilpe\/wp-json\/wp\/v2\/media?parent=1799"}],"curies":[{"name":"wp","href":"https:\/\/api.w.org\/{rel}","templated":true}]}}