{"id":1917,"date":"2019-08-06T20:11:19","date_gmt":"2019-08-07T01:11:19","guid":{"rendered":"http:\/\/ecopromocionales.com\/movilpe\/?post_type=product&#038;p=1917"},"modified":"2023-10-03T00:32:03","modified_gmt":"2023-10-03T05:32:03","slug":"240","status":"publish","type":"product","link":"https:\/\/ecopromocionales.com\/movilpe\/producto\/240\/","title":{"rendered":"Piezas de Papel Semilla a la medida"},"content":{"rendered":"<h5><a href=\"http:\/\/ecopromocionales.com\/movilpe\/wp-content\/uploads\/2021\/02\/Especificaciones-y-recomendaciones-papel-plantable-01.jpg\" target=\"_blank\" rel=\"noopener\">Ver especificaciones t\u00e9cnicas y recomendaciones de dise\u00f1o dando click aqu\u00ed.<\/a><\/h5>\n<p>&nbsp;<\/p>\n<p>&nbsp;<\/p>\n","protected":false},"excerpt":{"rendered":"<p><span style=\"color: #808080;\">Piezas plantables elaboradas de papel semilla.\u00a0 <\/span><span style=\"color: #808080;\"><strong>\u00a1Las siembras para germinar\u00a0 flores, arboles o vegetales!<\/strong><\/span><\/p>\n<h5><span style=\"color: #008080;\"><strong>\ud83c\udf31Generan vida.\u00a0\u00a0<\/strong><\/span><span style=\"color: #008080;\"><strong>\u00a0<\/strong><\/span><\/h5>\n<h5><span style=\"color: #008080;\"><strong>\ud83c\udf43Aportan ox\u00edgeno al planeta.\u00a0 <\/strong><\/span><\/h5>\n<h5><span style=\"color: #008080;\"><strong>\u00a0<\/strong><\/span><span style=\"color: #008080;\"><strong>\ud83c\udf0eNo producen basura.\u00a0 \u00a0\u00a0<\/strong><\/span><\/h5>\n<h5><span style=\"color: #008080;\"><strong>\ud83c\udf33Relacionan tu marca con un pensamiento ecol\u00f3gico.<\/strong><\/span><\/h5>\n<p><!--more--><\/p>\n<p><span style=\"color: #008080;\"><strong><span style=\"color: #808080;\">Fabricamos las piezas a la medida exacta para tu marca, evento o campa\u00f1a.<\/span><br \/>\n<\/strong><\/span><!--more--><\/p>\n<p><span style=\"color: #008080;\"><strong>Impresi\u00f3n incluida:\u00a0\u00a0<\/strong><\/span><span style=\"color: #808080;\">Tu marca o dise\u00f1o\u00a0<strong>Full color.<\/strong>\u00a0<em>(a partir de 5000 unidades)<\/em><\/span><\/p>\n<h6><span style=\"color: #008080;\"><strong><i>Env\u00edanos<\/i><em>\u00a0tu dise\u00f1o, recuerda reservar un espacio para las instrucciones de siembra.<\/em><\/strong><\/span><\/h6>\n<p><!--more--><\/p>\n<p><span style=\"color: #008080;\"><strong>Semillas disponibles:\u00a0\u00a0<\/strong><\/span><span style=\"color: #0000ff;\"><a style=\"color: #0000ff;\" href=\"http:\/\/ecopromocionales.com\/movilpe\/semillas-de-temporada\/\" target=\"_blank\" rel=\"noopener\">Ver lista de especies de temporada<\/a><\/span><\/p>\n<h5><!--more--><\/h5>\n<p><em><span style=\"color: #808080;\">Solicita tu cotizaci\u00f3n enviando la plantilla o medidas de tu dise\u00f1o.<\/span><\/em><\/p>\n<p><span style=\"color: #808080;\">El valor del <strong>nuevo troquel a la medida<\/strong> se incluye a partir de 5000 unidades en adelante, para cantidades menores el costo de elaboraci\u00f3n del troquel es adicional.<\/span><\/p>\n","protected":false},"featured_media":2217,"comment_status":"open","ping_status":"closed","template":"","meta":[],"_links":{"self":[{"href":"https:\/\/ecopromocionales.com\/movilpe\/wp-json\/wp\/v2\/product\/1917"}],"collection":[{"href":"https:\/\/ecopromocionales.com\/movilpe\/wp-json\/wp\/v2\/product"}],"about":[{"href":"https:\/\/ecopromocionales.com\/movilpe\/wp-json\/wp\/v2\/types\/product"}],"replies":[{"embeddable":true,"href":"https:\/\/ecopromocionales.com\/movilpe\/wp-json\/wp\/v2\/comments?post=1917"}],"wp:featuredmedia":[{"embeddable":true,"href":"https:\/\/ecopromocionales.com\/movilpe\/wp-json\/wp\/v2\/media\/2217"}],"wp:attachment":[{"href":"https:\/\/ecopromocionales.com\/movilpe\/wp-json\/wp\/v2\/media?parent=1917"}],"curies":[{"name":"wp","href":"https:\/\/api.w.org\/{rel}","templated":true}]}}