{"id":1986,"date":"2019-10-30T12:36:52","date_gmt":"2019-10-30T17:36:52","guid":{"rendered":"http:\/\/ecopromocionales.com\/movilpe\/?post_type=product&#038;p=1986"},"modified":"2023-04-11T10:07:41","modified_gmt":"2023-04-11T15:07:41","slug":"426","status":"publish","type":"product","link":"https:\/\/ecopromocionales.com\/movilpe\/producto\/426\/","title":{"rendered":"Caja de Vino o Pisco + Bons\u00e1i Natural de Aj\u00ed<br><font size=\"2\"> Cantidad min\u00edma: 500 Unidades <\/font>"},"content":{"rendered":"<p><span style=\"color: #808080;\">Cantidad m\u00ednima de venta: 100 unidades.<\/span><\/p>\n<p><span style=\"color: #808080;\">Solicita la plantilla de dise\u00f1o para elaborar el arte con tu marca, dise\u00f1o o evento.<\/span><\/p>\n<p><em><span style=\"color: #999999;\">Consulta disponibilidad<\/span><\/em><\/p>\n<p>&nbsp;<\/p>\n<p>&nbsp;<\/p>\n","protected":false},"excerpt":{"rendered":"[xyz-ips snippet=\"solicitarcotizacion\"]\n<p><span style=\"color: #808080; font-family: Arial; font-size: medium;\">Hermosa caja para\u00a0vino o pisco de dos compartimentos. En el\u00a0primer espacio va un lindo bonsa\u00ed natural de Aj\u00ed en saco de yute, el segundo espacio se reserva\u00a0para una botella,<\/span><\/p>\n<p><span style=\"color: #33cccc;\"><strong>Un regalo muy significativo, original y para toda la vida!<\/strong><\/span><\/p>\n<p><em><span style=\"color: #808080;\">Incluye <b>Tag Ecol\u00f3gico<\/b>\u00a0<strong>con tu logo o dise\u00f1o<\/strong><\/span><\/em><\/p>\n<p><span style=\"color: #33cccc;\"><strong>Personalizaci\u00f3n incluida:<\/strong><\/span><\/p>\n<p><span style=\"color: #808080;\">\u2013\u00a0Tu logo o palabra full color en el Tag ecol\u00f3gico con cord\u00f3n de yute.\u00a0<\/span><\/p>\n<p><span style=\"color: #808080;\">&#8211; Tu marca o dise\u00f1o full color sobre la etiqueta de la caja.<\/span><\/p>\n<p><strong><span style=\"color: #33cccc;\">Tama\u00f1o Tag:<\/span> <span style=\"color: #808080;\">7<\/span><\/strong><span style=\"color: #808080;\">\u00a0cm diametro.<\/span><\/p>\n<p><span style=\"color: #33cccc;\"><strong>Tama\u00f1o Bons\u00e1i Aj\u00ed:<\/strong>\u00a0<\/span><span style=\"color: #808080;\">Entre 10 cm a 20 cm aproximadamente<\/span><\/p>\n<p><strong><span style=\"color: #33cccc;\">Adicional<\/span><\/strong><span style=\"color: #33cccc;\">:<\/span>\u00a0<span style=\"color: #808080;\">Medall\u00f3n de madera personalizado con tu logo<\/span><\/p>\n<p><em><span style=\"color: #999999;\">No incluye vino o pisco<\/span><\/em><\/p>\n","protected":false},"featured_media":2307,"comment_status":"open","ping_status":"closed","template":"","meta":[],"_links":{"self":[{"href":"https:\/\/ecopromocionales.com\/movilpe\/wp-json\/wp\/v2\/product\/1986"}],"collection":[{"href":"https:\/\/ecopromocionales.com\/movilpe\/wp-json\/wp\/v2\/product"}],"about":[{"href":"https:\/\/ecopromocionales.com\/movilpe\/wp-json\/wp\/v2\/types\/product"}],"replies":[{"embeddable":true,"href":"https:\/\/ecopromocionales.com\/movilpe\/wp-json\/wp\/v2\/comments?post=1986"}],"wp:featuredmedia":[{"embeddable":true,"href":"https:\/\/ecopromocionales.com\/movilpe\/wp-json\/wp\/v2\/media\/2307"}],"wp:attachment":[{"href":"https:\/\/ecopromocionales.com\/movilpe\/wp-json\/wp\/v2\/media?parent=1986"}],"curies":[{"name":"wp","href":"https:\/\/api.w.org\/{rel}","templated":true}]}}