{"id":2069,"date":"2019-11-08T18:52:45","date_gmt":"2019-11-08T23:52:45","guid":{"rendered":"http:\/\/ecopromocionales.com\/movilpe\/?post_type=product&#038;p=2069"},"modified":"2023-09-12T20:56:02","modified_gmt":"2023-09-13T01:56:02","slug":"402","status":"publish","type":"product","link":"https:\/\/ecopromocionales.com\/movilpe\/producto\/402\/","title":{"rendered":"Kit Siembra un \u00c1rbol en Macetero Degradable <br><font size=\"2\"> Cantidad min\u00edma: 500 Unidades <\/font>"},"content":{"rendered":"<p><em><span style=\"color: #808080;\">Solicita la plantilla de dise\u00f1o para elaborar el arte con tu marca, dise\u00f1o o evento.<\/span><\/em><\/p>\n<p><strong>Consulte disponibilidad o stock<\/strong><\/p>\n<p>&nbsp;<\/p>\n","protected":false},"excerpt":{"rendered":"[xyz-ips snippet=\"solicitarcotizacion\"]\n<p><span style=\"color: #808080;\"><b>Kit para sembrar un \u00e1rbol, que puede ser un lindo bons\u00e1i o crecer en un jard\u00edn o bosque.<\/b><\/span><\/p>\n<p><span style=\"color: #33cccc;\"><strong>Solo agregas agua\u00a0 para que tu \u00e1rbol comience a germinar.\u00a0<\/strong><\/span><\/p>\n<p><span style=\"color: #808080;\">El macetero es la aleaci\u00f3n de varios minerales. \u00a0En su proceso de degradaci\u00f3n los minerales vuelven a la naturaleza y se convierten en nutrientes para la planta.<\/span><\/p>\n<p style=\"text-align: left;\"><span style=\"color: #33cccc;\"><strong style=\"color: #33cccc;\">El macetero e<\/strong><b style=\"color: #33cccc;\">s 100% <\/b><span style=\"color: #33cccc;\"><b>ecol\u00f3gico<\/b><\/span><b style=\"color: #33cccc;\">\u00a0y degradable. <\/b><span style=\"color: #33cccc;\"><em>(No es reciclado)<\/em><\/span><\/span><\/p>\n<p><span style=\"color: #808080;\"><b>Un eco regalo que aporta ox\u00edgeno al planeta.<\/b><\/span><\/p>\n<p><strong><span style=\"color: #33cccc;\">Personalizaci\u00f3n incluida:<\/span><\/strong><\/p>\n<p><span style=\"color: #808080;\">&#8211; Tu dise\u00f1o o marca<strong> full color<\/strong> en la etiqueta ecol\u00f3gica al rededor de la ecolata macetero degradable.<\/span><\/p>\n<p style=\"text-align: left;\"><span style=\"color: #808080;\"><em>Podemos incluir el CALENDARIO 2020 EN LA etiqueta CON TU LOGO<\/em><\/span><\/p>\n<p><strong><span style=\"color: #33cccc;\">Tama\u00f1o: <\/span><\/strong><span style=\"color: #33cccc;\"><span style=\"color: #808080;\">6.2 cm x 6.2 cm\u00a0<\/span><\/span><\/p>\n<p><span style=\"color: #808080;\"><em>El macetero se entrega totalmente sellado, esto garantiza la conservaci\u00f3n y germinaci\u00f3n de la semilla.<\/em><\/span><\/p>\n<p><span style=\"color: #808080;\">Sistema abre f\u00e1cil, adicional.<\/span><\/p>\n<p>&nbsp;<\/p>\n","protected":false},"featured_media":2339,"comment_status":"open","ping_status":"closed","template":"","meta":[],"_links":{"self":[{"href":"https:\/\/ecopromocionales.com\/movilpe\/wp-json\/wp\/v2\/product\/2069"}],"collection":[{"href":"https:\/\/ecopromocionales.com\/movilpe\/wp-json\/wp\/v2\/product"}],"about":[{"href":"https:\/\/ecopromocionales.com\/movilpe\/wp-json\/wp\/v2\/types\/product"}],"replies":[{"embeddable":true,"href":"https:\/\/ecopromocionales.com\/movilpe\/wp-json\/wp\/v2\/comments?post=2069"}],"wp:featuredmedia":[{"embeddable":true,"href":"https:\/\/ecopromocionales.com\/movilpe\/wp-json\/wp\/v2\/media\/2339"}],"wp:attachment":[{"href":"https:\/\/ecopromocionales.com\/movilpe\/wp-json\/wp\/v2\/media?parent=2069"}],"curies":[{"name":"wp","href":"https:\/\/api.w.org\/{rel}","templated":true}]}}