{"id":2100,"date":"2019-11-13T13:46:29","date_gmt":"2019-11-13T18:46:29","guid":{"rendered":"http:\/\/ecopromocionales.com\/movilpe\/?post_type=product&#038;p=2100"},"modified":"2022-11-16T18:47:52","modified_gmt":"2022-11-16T23:47:52","slug":"427","status":"publish","type":"product","link":"https:\/\/ecopromocionales.com\/movilpe\/producto\/427\/","title":{"rendered":"Maceta Compostable de Fibra de Trigo <br><font size=\"2\"> Cantidad min\u00edma: 1000 Unidades <\/font>"},"content":{"rendered":"<p><strong>Consulte disponibilidad o stock<\/strong><\/p>\n","protected":false},"excerpt":{"rendered":"[xyz-ips snippet=\"solicitarcotizacion\"]\n<p><span style=\"color: #808080;\">Hermosa Maceta Ecol\u00f3gica y <strong>compostable<\/strong> elaborada de fibra de trigo. Ideal para germinar hermosas plantas.<\/span><\/p>\n<p><span style=\"color: #808080;\">Cuando tus plantas est\u00e9n grandes, puedes trasplantar a jard\u00edn solo enterrando la maceta, <strong>esta se convertir\u00e1 en abono para las plantas.<\/strong><\/span><\/p>\n<p><span style=\"color: #33cccc;\"><strong>Incluye:<\/strong><\/span><\/p>\n<p><span style=\"color: #808080;\">&#8211; Maceta Ecol\u00f3gica Compostable elaborada\u00a0 de fibra de trigo.<\/span><\/p>\n<p><strong><span style=\"color: #33cccc;\">Tama\u00f1o Maceta de fibra de trigo:<\/span><\/strong><\/p>\n<p><span style=\"color: #808080;\">8.0 cm de alto<\/span><\/p>\n<p><span style=\"color: #808080;\">11.5 cm de di\u00e1metro<\/span><\/p>\n<p><strong><span style=\"color: #33cccc;\">Adicional:<\/span><\/strong><\/p>\n<p><span style=\"color: #808080;\">&#8211; Sustrato de abono<\/span><\/p>\n<p><span style=\"color: #808080;\">&#8211; Semillas a elecci\u00f3n<\/span><\/p>\n<p>&nbsp;<\/p>\n","protected":false},"featured_media":2325,"comment_status":"open","ping_status":"closed","template":"","meta":[],"_links":{"self":[{"href":"https:\/\/ecopromocionales.com\/movilpe\/wp-json\/wp\/v2\/product\/2100"}],"collection":[{"href":"https:\/\/ecopromocionales.com\/movilpe\/wp-json\/wp\/v2\/product"}],"about":[{"href":"https:\/\/ecopromocionales.com\/movilpe\/wp-json\/wp\/v2\/types\/product"}],"replies":[{"embeddable":true,"href":"https:\/\/ecopromocionales.com\/movilpe\/wp-json\/wp\/v2\/comments?post=2100"}],"wp:featuredmedia":[{"embeddable":true,"href":"https:\/\/ecopromocionales.com\/movilpe\/wp-json\/wp\/v2\/media\/2325"}],"wp:attachment":[{"href":"https:\/\/ecopromocionales.com\/movilpe\/wp-json\/wp\/v2\/media?parent=2100"}],"curies":[{"name":"wp","href":"https:\/\/api.w.org\/{rel}","templated":true}]}}