{"id":2303,"date":"2020-06-10T17:53:11","date_gmt":"2020-06-10T22:53:11","guid":{"rendered":"http:\/\/ecopromocionales.com\/movilpe\/?post_type=product&#038;p=2303"},"modified":"2023-09-12T20:57:04","modified_gmt":"2023-09-13T01:57:04","slug":"195","status":"publish","type":"product","link":"https:\/\/ecopromocionales.com\/movilpe\/producto\/195\/","title":{"rendered":"Sustrato de germinaci\u00f3n para siembra"},"content":{"rendered":"<p><span style=\"color: #808080;\">Sustrato de coco ideal para la germinaci\u00f3n de semillas.<\/span><\/p>\n<p><span style=\"color: #808080;\">El sustrato de coco es excelente para el desarrollo radicular; de hecho, es posible plantar directamente en ella sin necesidad de emplear tratamientos o agentes especiales para la plantaci\u00f3n.<\/span><\/p>\n<p><span style=\"color: #808080;\">A diferencia de otros tipos de medio de cultivo, el sustrato de coco mantiene una elevada capacidad de aireaci\u00f3n incluso cuando est\u00e1 completamente saturada.<\/span><\/p>\n<p><span style=\"color: #808080;\">Adem\u00e1s dispone de una capacidad de amortiguaci\u00f3n (efecto buffer o tamp\u00f3n) que permite a las plantas superar sin consecuencias cortos per\u00edodos de deficiencias nutricionales y\/o de agua.<\/span><\/p>\n<p><span style=\"color: #808080;\"><strong><span style=\"color: #33cccc;\">Presentaci\u00f3n:<\/span><\/strong> 80 gr<\/span><\/p>\n","protected":false},"excerpt":{"rendered":"<p>Sustrato de coco ideal para la germinaci\u00f3n de semillas. El sustrato de coco es excelente para el desarrollo radicular; de hecho, es posible plantar directamente en ella sin necesidad de emplear tratamientos o agentes especiales para la plantaci\u00f3n. A diferencia de otros tipos de medio de cultivo, el sustrato de coco mantiene una elevada capacidad [&hellip;]<\/p>\n","protected":false},"featured_media":2304,"comment_status":"open","ping_status":"closed","template":"","meta":[],"_links":{"self":[{"href":"https:\/\/ecopromocionales.com\/movilpe\/wp-json\/wp\/v2\/product\/2303"}],"collection":[{"href":"https:\/\/ecopromocionales.com\/movilpe\/wp-json\/wp\/v2\/product"}],"about":[{"href":"https:\/\/ecopromocionales.com\/movilpe\/wp-json\/wp\/v2\/types\/product"}],"replies":[{"embeddable":true,"href":"https:\/\/ecopromocionales.com\/movilpe\/wp-json\/wp\/v2\/comments?post=2303"}],"wp:featuredmedia":[{"embeddable":true,"href":"https:\/\/ecopromocionales.com\/movilpe\/wp-json\/wp\/v2\/media\/2304"}],"wp:attachment":[{"href":"https:\/\/ecopromocionales.com\/movilpe\/wp-json\/wp\/v2\/media?parent=2303"}],"curies":[{"name":"wp","href":"https:\/\/api.w.org\/{rel}","templated":true}]}}