{"id":2359,"date":"2020-07-11T15:19:48","date_gmt":"2020-07-11T20:19:48","guid":{"rendered":"http:\/\/ecopromocionales.com\/movilpe\/?post_type=product&#038;p=2359"},"modified":"2020-07-11T15:25:43","modified_gmt":"2020-07-11T20:25:43","slug":"459","status":"publish","type":"product","link":"https:\/\/ecopromocionales.com\/movilpe\/producto\/459\/","title":{"rendered":"Bandeja Germinable para Desayunos Grande"},"content":{"rendered":"<p><span style=\"color: #808080;\"><strong>Cantidad M\u00ednima de venta:\u00a0<\/strong>\u00a0200 unidades<\/span><\/p>\n<p><span style=\"color: #808080;\"><em>Consultar disponibilidad.<\/em><\/span><\/p>\n","protected":false},"excerpt":{"rendered":"<p><span style=\"color: #808080;\">[xyz-ips snippet=\"solicitarcotizacion\"]<\/span><\/p>\n<p><span style=\"color: #808080;\">Bandeja\u00a0<strong>GERMINABLE<\/strong>\u00a0para entrega de desayunos a domicilio y otros.<\/span><\/p>\n<p><span style=\"color: #808080;\">La bandeja luego de utilizarla se convierte en una caja macetera germinadora gracias a su fondo germinable que contiene semillas.<\/span><\/p>\n<p><span style=\"color: #808080;\">Solo debes agregar agua y tierra y comienzan a germinar las plantas<\/span><\/p>\n<p><span style=\"color: #808080;\">Con el desayuno est\u00e1s regalando una huerta o un bosque de bons\u00e1i ademas de una linda e inolvidable experiencia que perdurar\u00e1 en el tiempo.<\/span><\/p>\n<p><span style=\"color: #808080;\">Despu\u00e9s de disfrutar de un rico desayuno\u2026.A SEMBRAR !!<\/span><\/p>\n<p><span style=\"color: #33cccc;\"><strong>Personalizaci\u00f3n adicional:<\/strong><\/span><\/p>\n<p><span style=\"color: #808080;\">Tu logo en la base de la bandeja.<\/span><\/p>\n<p><strong><span style=\"color: #33cccc;\">Medidas:<\/span><\/strong><\/p>\n<p><span style=\"color: #808080;\">32 cm\u00a0 x\u00a0 22 cm x 9 cm.<\/span><\/p>\n<p><strong><span style=\"color: #33cccc;\">Otros tama\u00f1os disponibles:<\/span><\/strong><\/p>\n<p><span style=\"color: #808080;\">22 cm\u00a0 x\u00a0 16 cm x 6 cm. <a href=\"http:\/\/ecopromocionales.com\/movilpe\/producto\/457\/\" target=\"_blank\" rel=\"noopener\"><strong>Ver aqu\u00ed<\/strong><\/a><\/span><\/p>\n<p><span style=\"color: #808080;\"><strong>Disponible tambi\u00e9n bandeja, NO germinable<\/strong><\/span><\/p>\n<div class=\"woocommerce-tabs wc-tabs-wrapper\">\n<div id=\"tab-description\" class=\"woocommerce-Tabs-panel woocommerce-Tabs-panel--description panel entry-content wc-tab\" role=\"tabpanel\" aria-labelledby=\"tab-title-description\">\n<p>&nbsp;<\/p>\n<\/div>\n<\/div>\n<form class=\"cart\" action=\"http:\/\/www.ecopromocionales.com\/movil\/producto\/363\" enctype=\"multipart\/form-data\" method=\"post\">\n<div class=\"quantity\"><span style=\"color: #808080;\">Este producto es elaborado con un sustrato de germinaci\u00f3n. Garantizamos 100% su germinaci\u00f3n.<\/span><\/div>\n<\/form>\n","protected":false},"featured_media":2302,"comment_status":"open","ping_status":"closed","template":"","meta":[],"_links":{"self":[{"href":"https:\/\/ecopromocionales.com\/movilpe\/wp-json\/wp\/v2\/product\/2359"}],"collection":[{"href":"https:\/\/ecopromocionales.com\/movilpe\/wp-json\/wp\/v2\/product"}],"about":[{"href":"https:\/\/ecopromocionales.com\/movilpe\/wp-json\/wp\/v2\/types\/product"}],"replies":[{"embeddable":true,"href":"https:\/\/ecopromocionales.com\/movilpe\/wp-json\/wp\/v2\/comments?post=2359"}],"wp:featuredmedia":[{"embeddable":true,"href":"https:\/\/ecopromocionales.com\/movilpe\/wp-json\/wp\/v2\/media\/2302"}],"wp:attachment":[{"href":"https:\/\/ecopromocionales.com\/movilpe\/wp-json\/wp\/v2\/media?parent=2359"}],"curies":[{"name":"wp","href":"https:\/\/api.w.org\/{rel}","templated":true}]}}