{"id":2672,"date":"2020-09-15T14:45:03","date_gmt":"2020-09-15T19:45:03","guid":{"rendered":"http:\/\/ecopromocionales.com\/movilpe\/?post_type=product&#038;p=2672"},"modified":"2020-09-15T14:45:52","modified_gmt":"2020-09-15T19:45:52","slug":"caja-para-vino-o-pisco-2-compartimentos","status":"publish","type":"product","link":"https:\/\/ecopromocionales.com\/movilpe\/producto\/caja-para-vino-o-pisco-2-compartimentos\/","title":{"rendered":"Caja para Vino o Pisco 2 compartimentos"},"content":{"rendered":"<p><span style=\"color: #808080;\"><strong>Cantidad M\u00ednima de personalizaci\u00f3n:\u00a0<\/strong>100 unidades<\/span><\/p>\n<p><span style=\"color: #808080;\"><em>Solicita la plantilla de dise\u00f1o y cat\u00e1logo de formas para elaborar el arte con tu marca, dise\u00f1o o evento.<\/em><\/span><\/p>\n<p><span style=\"color: #808080;\"><em>Consultar disponibilidad.<\/em><\/span><\/p>\n<p><span style=\"color: #808080;\"><b>Cantidad m\u00ednima de venta en blanco o\u00a0<\/b><b>gen\u00e9rico<\/b><b>:<\/b>\u00a010 unidades.<\/span><\/p>\n<p><span style=\"color: #808080;\">Consultar stock.\u00a0<\/span><\/p>\n<p><span style=\"color: #808080;\"><em>Compras por unidad no incluyen personalizaci\u00f3n.<\/em><\/span><\/p>\n","protected":false},"excerpt":{"rendered":"<p><span style=\"color: #808080;\">[xyz-ips snippet=\"solicitarcotizacion\"]<\/span><\/p>\n<div class=\"gmail_default\"><span style=\"color: #808080;\">Caja eco\u00a0 para vinos, piscos o botellas con 2 compartimentos.<\/span><\/div>\n<div><span style=\"color: #808080;\"><b style=\"color: #808080;\">Reduce tu <\/b><b>huella<\/b><b style=\"color: #808080;\">\u00a0de <\/b><b>carbono<\/b><b style=\"color: #808080;\">\u00a0<\/b><b>con tus<\/b><b style=\"color: #808080;\">\u00a0<\/b><b>empaques<\/b><b style=\"color: #808080;\">\u00a0\u00a0y ayuda al <\/b><b>planeta<\/b><b style=\"color: #808080;\">\u00a0!!!\u00a0\u00a0<\/b><\/span><\/div>\n<div><\/div>\n<div>\n<div class=\"gmail_default\"><span style=\"color: #33cccc;\"><b>Tama\u00f1o:<\/b><\/span><\/div>\n<div class=\"gmail_default\"><span style=\"color: #808080;\">38.5 x 15.0 x 8.0 cm<\/span><\/div>\n<\/div>\n<p><!--more--><\/p>\n<div class=\"gmail_default\"><span style=\"color: #808080;\">\u00a0<\/span><span style=\"color: #33cccc;\"><b>Personalizaci\u00f3n incluida:\u00a0<\/b><\/span><\/div>\n<div class=\"gmail_default\"><span style=\"color: #808080;\">Etiqueta con tu dise\u00f1o full color.<\/span><\/div>\n<p><!--more--><\/p>\n<div class=\"gmail_default\">\n<div class=\"gmail_default\"><strong style=\"color: #33cccc;\">Personalizaci\u00f3n adicional:<\/strong><\/div>\n<\/div>\n<p><span style=\"color: #808080;\">&#8211; Tag germinable personalizado full color con tu dise\u00f1o.<\/span><!--more--><\/p>\n<div class=\"woocommerce-tabs wc-tabs-wrapper\">\n<div id=\"tab-description\" class=\"woocommerce-Tabs-panel woocommerce-Tabs-panel--description panel entry-content wc-tab\" role=\"tabpanel\" aria-labelledby=\"tab-title-description\">\n<div class=\"gmail_default\"><span style=\"color: #808080;\">\u00a0<\/span><strong><span style=\"color: #808080;\">Disponible tambi\u00e9n caja de vino, Germinable<\/span><\/strong><\/div>\n<\/div>\n<\/div>\n<p>&nbsp;<\/p>\n","protected":false},"featured_media":2292,"comment_status":"open","ping_status":"closed","template":"","meta":[],"_links":{"self":[{"href":"https:\/\/ecopromocionales.com\/movilpe\/wp-json\/wp\/v2\/product\/2672"}],"collection":[{"href":"https:\/\/ecopromocionales.com\/movilpe\/wp-json\/wp\/v2\/product"}],"about":[{"href":"https:\/\/ecopromocionales.com\/movilpe\/wp-json\/wp\/v2\/types\/product"}],"replies":[{"embeddable":true,"href":"https:\/\/ecopromocionales.com\/movilpe\/wp-json\/wp\/v2\/comments?post=2672"}],"wp:featuredmedia":[{"embeddable":true,"href":"https:\/\/ecopromocionales.com\/movilpe\/wp-json\/wp\/v2\/media\/2292"}],"wp:attachment":[{"href":"https:\/\/ecopromocionales.com\/movilpe\/wp-json\/wp\/v2\/media?parent=2672"}],"curies":[{"name":"wp","href":"https:\/\/api.w.org\/{rel}","templated":true}]}}