{"id":3043,"date":"2018-05-09T21:34:35","date_gmt":"2018-05-10T02:34:35","guid":{"rendered":"http:\/\/ecopromocionales.com\/movilpe\/?post_type=product&#038;p=3043"},"modified":"2024-09-02T11:18:36","modified_gmt":"2024-09-02T16:18:36","slug":"tarjetas-plantables","status":"publish","type":"product","link":"https:\/\/ecopromocionales.com\/movilpe\/producto\/tarjetas-plantables\/","title":{"rendered":"Tarjetas Plantables &#8211; Tama\u00f1os <br><font size=\"2\"> Cantidad min\u00edma: 1000 Unidades <\/font>"},"content":{"rendered":"<h5><strong><span style=\"color: #808080;\">Solicita la plantilla de dise\u00f1o para elaborar el arte con tu marca o dise\u00f1o.<\/span><\/strong><\/h5>\n<h5><a href=\"http:\/\/ecopromocionales.com\/movilpe\/wp-content\/uploads\/2022\/03\/Especificaciones_PAPEL_SEMILLA.jpg\" target=\"_blank\" rel=\"noopener\"><span style=\"color: #0000ff;\">Ver especificaciones t\u00e9cnicas y recomendaciones de dise\u00f1o dando click aqu\u00ed.<\/span><\/a><\/h5>\n<h5><em><span style=\"color: #808080;\">Este producto es elaborado con papel semilla (Capacidad germinativa: 70<\/span><\/em><span style=\"color: #808080;\">%<\/span><em><span style=\"color: #808080;\"> a 90<\/span><\/em><span style=\"color: #808080;\">%<\/span><em><span style=\"color: #808080;\"> )<\/span><\/em><em><span style=\"color: #808080;\">&nbsp;<\/span><\/em><\/h5>\n","protected":false},"excerpt":{"rendered":"<p><span style=\"color: #808080;\">Tarjetas\u00a0 plantables elaboradas de papel semilla.\u00a0 <\/span><span style=\"color: #808080;\"><strong>\u00a1Las siembras para germinar\u00a0 flores, arboles o vegetales!<\/strong><\/span><\/p>\n<h5><span style=\"color: #008080;\"><strong>\ud83c\udf31Generan vida.\u00a0\u00a0<\/strong><\/span><span style=\"color: #008080;\"><strong>\u00a0<\/strong><\/span><\/h5>\n<h5><span style=\"color: #008080;\"><strong>\ud83c\udf43Aportan ox\u00edgeno al planeta.\u00a0 <\/strong><\/span><\/h5>\n<h5><span style=\"color: #008080;\"><strong>\u00a0<\/strong><\/span><span style=\"color: #008080;\"><strong>\ud83c\udf0eNo producen basura.\u00a0 \u00a0\u00a0<\/strong><\/span><\/h5>\n<h5><span style=\"color: #008080;\"><strong>\ud83c\udf33Relacionan tu marca con un pensamiento ecol\u00f3gico.<\/strong><\/span><\/h5>\n<p><!--more--><\/p>\n<p><span style=\"color: #008080;\"><strong>Impresi\u00f3n incluida:\u00a0\u00a0<\/strong><\/span><span style=\"color: #808080;\">Tu marca o dise\u00f1o\u00a0<strong>Full color.<\/strong>\u00a0<em>(a partir de 5000 unidades)<\/em><\/span><\/p>\n<h6><span style=\"color: #008080;\"><strong><i>Env\u00edanos<\/i><em>\u00a0tu dise\u00f1o, recuerda reservar un espacio para las instrucciones de siembra.<\/em><\/strong><\/span><\/h6>\n<p><!--more--><\/p>\n<p><span style=\"color: #008080;\"><strong>Semillas disponibles:\u00a0\u00a0<\/strong><\/span><span style=\"color: #0000ff;\"><a style=\"color: #0000ff;\" href=\"http:\/\/ecopromocionales.com\/movilpe\/semillas-de-temporada\/\" target=\"_blank\" rel=\"noopener\">Ver lista de especies de temporada<\/a><\/span><!--more--><\/p>\n<p><span style=\"color: #808080;\"><span style=\"color: #008080;\"><strong>Valor:<\/strong><\/span>\u00a0Conoce el valor por tama\u00f1o y cantidad aqu\u00ed:<\/span><\/p>\n","protected":false},"featured_media":2157,"comment_status":"open","ping_status":"closed","template":"","meta":[],"_links":{"self":[{"href":"https:\/\/ecopromocionales.com\/movilpe\/wp-json\/wp\/v2\/product\/3043"}],"collection":[{"href":"https:\/\/ecopromocionales.com\/movilpe\/wp-json\/wp\/v2\/product"}],"about":[{"href":"https:\/\/ecopromocionales.com\/movilpe\/wp-json\/wp\/v2\/types\/product"}],"replies":[{"embeddable":true,"href":"https:\/\/ecopromocionales.com\/movilpe\/wp-json\/wp\/v2\/comments?post=3043"}],"wp:featuredmedia":[{"embeddable":true,"href":"https:\/\/ecopromocionales.com\/movilpe\/wp-json\/wp\/v2\/media\/2157"}],"wp:attachment":[{"href":"https:\/\/ecopromocionales.com\/movilpe\/wp-json\/wp\/v2\/media?parent=3043"}],"curies":[{"name":"wp","href":"https:\/\/api.w.org\/{rel}","templated":true}]}}