{"id":306,"date":"2018-08-07T09:22:00","date_gmt":"2018-08-07T14:22:00","guid":{"rendered":"http:\/\/ecopromocionales.com\/movilpe\/?post_type=product&#038;p=306"},"modified":"2023-09-12T20:48:42","modified_gmt":"2023-09-13T01:48:42","slug":"145","status":"publish","type":"product","link":"https:\/\/ecopromocionales.com\/movilpe\/producto\/145\/","title":{"rendered":"Kit Mini HUERTO con empaque Publicitario<br><font size=\"2\"> Cantidad min\u00edma: 1000 Unidades <\/font>"},"content":{"rendered":"<p><span style=\"color: #808080;\">Solicita la plantilla de dise\u00f1o para elaborar el arte con tu marca, dise\u00f1o o evento.<\/span><\/p>\n<p><span style=\"color: #999999;\"><em>Consultar disponibilidad<\/em><\/span><\/p>\n<p>&nbsp;<\/p>\n","protected":false},"excerpt":{"rendered":"[xyz-ips snippet=\"solicitarcotizacion\"]\n<p><span style=\"color: #808080;\">Pr\u00e1ctico y l\u00fadico kit <strong>para agricultura urbana o huertos en casa o espacios interiores.\u00a0 <\/strong><\/span><\/p>\n<p><strong><span style=\"color: #33cccc;\">Con este kit puedes hacer una huerta en tu cocina, oficina, ventana o en espacios peque\u00f1os con diferentes especias.<\/span><\/strong><\/p>\n<p><span style=\"color: #808080;\"><strong>Viene con un hermoso empaque full color con tu imagen o dise\u00f1o.<\/strong><\/span><\/p>\n<p><span style=\"color: #808080;\">Cada vez m\u00e1s personas se animan a montar un mini huerto urbano en su casa. Un balc\u00f3n o una ventana en la cocina pueden ser un lugar de cultivo de todo tipo de frutas, verduras y hortalizas. Para ello, no hace falta ser un agricultor profesional solo tener mucho \u00e1nimo y buenos elementos.<\/span><\/p>\n<p><strong><span style=\"color: #808080;\">El kit de mini huertas caseras\u00a0es muy sencillo de usar, solo se agrega agua a la bandeja de riego y listo. Comienzan a germinar tus plantas.<\/span><\/strong><\/p>\n<p><strong><span style=\"color: #33cccc;\">El Kit Incluye:<\/span><\/strong><\/p>\n<p><span style=\"color: #808080;\">&#8211; Empaque Ecol\u00f3gico personalizado con tu imagen full color<\/span><\/p>\n<p><span style=\"color: #808080;\">&#8211; 6 eco-germinadores por especie (Tu eliges la semilla)<\/span><br \/>\n<span style=\"color: #808080;\">&#8211; 1 bandeja de germinaci\u00f3n<\/span><\/p>\n<p><span style=\"color: #808080;\">&#8211; 1 bandeja de riego<\/span><\/p>\n<p><span style=\"color: #808080;\">&#8211; Soporte t\u00e9cnico especializado<\/span><\/p>\n<p><strong><span style=\"color: #33cccc;\">Este producto es ideal para campa\u00f1as de sensibilizaci\u00f3n ambiental, celebraci\u00f3n de fechas ambientales, recordatorios de eventos relacionados con el agro y el cuidado del ambiente y para campa\u00f1as con fines educativos y pedag\u00f3gicos.<\/span><\/strong><\/p>\n<p><span style=\"color: #33cccc;\"><strong>Personalizaci\u00f3n incluida:<\/strong><\/span><\/p>\n<p><span style=\"color: #808080;\">Empaque ecol\u00f3gico tipo faja<strong> full color<\/strong> con tu dise\u00f1o, marca o mensaje\u00a0<\/span><\/p>\n","protected":false},"featured_media":976,"comment_status":"open","ping_status":"closed","template":"","meta":[],"_links":{"self":[{"href":"https:\/\/ecopromocionales.com\/movilpe\/wp-json\/wp\/v2\/product\/306"}],"collection":[{"href":"https:\/\/ecopromocionales.com\/movilpe\/wp-json\/wp\/v2\/product"}],"about":[{"href":"https:\/\/ecopromocionales.com\/movilpe\/wp-json\/wp\/v2\/types\/product"}],"replies":[{"embeddable":true,"href":"https:\/\/ecopromocionales.com\/movilpe\/wp-json\/wp\/v2\/comments?post=306"}],"wp:featuredmedia":[{"embeddable":true,"href":"https:\/\/ecopromocionales.com\/movilpe\/wp-json\/wp\/v2\/media\/976"}],"wp:attachment":[{"href":"https:\/\/ecopromocionales.com\/movilpe\/wp-json\/wp\/v2\/media?parent=306"}],"curies":[{"name":"wp","href":"https:\/\/api.w.org\/{rel}","templated":true}]}}