{"id":339,"date":"2018-08-07T11:28:25","date_gmt":"2018-08-07T16:28:25","guid":{"rendered":"http:\/\/ecopromocionales.com\/movilpe\/?post_type=product&#038;p=339"},"modified":"2024-09-02T11:12:19","modified_gmt":"2024-09-02T16:12:19","slug":"242","status":"publish","type":"product","link":"https:\/\/ecopromocionales.com\/movilpe\/producto\/242\/","title":{"rendered":"Tarjeta de presentaci\u00f3n Plantable <br><font size=\"2\"> Cantidad min\u00edma: 1000 Unidades <\/font>"},"content":{"rendered":"<h5>Fotos referenciales.<br \/>\nCantidades menores a 5.000 unidades sujetas a stock.<\/h5>\n<h5><strong><span style=\"color: #808080;\">Solicita la plantilla de dise\u00f1o para elaborar el arte con tu marca o dise\u00f1o.<\/span><\/strong><\/h5>\n<h5><a href=\"http:\/\/ecopromocionales.com\/movilpe\/wp-content\/uploads\/2021\/02\/Especificaciones-y-recomendaciones-papel-plantable-01.jpg\" target=\"_blank\" rel=\"noopener\"><span style=\"color: #0000ff;\">Ver especificaciones t\u00e9cnicas y recomendaciones de dise\u00f1o dando click aqu\u00ed.<\/span><\/a><\/h5>\n<h5><em><span style=\"color: #808080;\">Este producto es elaborado con papel semilla (Capacidad germinativa: 70<\/span><\/em><span style=\"color: #808080;\">%<\/span><em><span style=\"color: #808080;\"> a 90<\/span><\/em><span style=\"color: #808080;\">%<\/span><em><span style=\"color: #808080;\"> )<\/span><\/em><em><span style=\"color: #808080;\"> Impreso con tintas ecol\u00f3gicas&nbsp;a base de soya.<\/span><\/em><\/h5>\n","protected":false},"excerpt":{"rendered":"<p style=\"padding-left: 40px;\"><span style=\"color: #808080;\"><strong>La Eco Business Card<\/strong>\u00a0es una\u00a0tarjeta de presentaci\u00f3n sembrable y germinable. Elaboradas en Papel Semilla<strong><span style=\"color: #33cccc;\">\u00a0<\/span>que se siembran para germina plantas.<\/strong>\u00a0El sustrato papel plantable viene personalizado con toda tu imagen publicitaria a color.<\/span><\/p>\n<p><span style=\"color: #808080;\">Puede contener un\u00a0<strong>c\u00f3digo QR<\/strong>\u00a0con toda tu informaci\u00f3n de contacto.\u00a0\u00a0<\/span><\/p>\n<p><span style=\"color: #008080;\"><strong>Es la mejor opci\u00f3n de presentaci\u00f3n:\u00a0ecol\u00f3gica, \u00a0tecnol\u00f3gica y eficaz; \u00a0esto debido a que tus datos se guardan directamente en el celular solo con escanear el c\u00f3digo para luego sembrarla<\/strong><\/span><\/p>\n<p><span style=\"color: #808080;\"><strong>Una manera creativa, memorable y ecol\u00f3gica para presentar tu empresa y reflejar tu compromiso con la naturaleza.<\/strong><\/span><\/p>\n<p><span style=\"color: #808080;\"><span style=\"color: #008080;\"><strong>Tama\u00f1o:<\/strong><\/span>\u00a08.5 cm x 4.7 cm\u00a0<em>aprox.<\/em><\/span><\/p>\n<p><span style=\"color: #008080;\"><strong>Impresi\u00f3n incluida:\u00a0\u00a0<\/strong><\/span><span style=\"color: #808080;\"><span style=\"color: #808080;\">Tu marca o dise\u00f1o\u00a0<\/span><strong style=\"color: #808080;\">full color <\/strong><span style=\"color: #808080;\">x 1 cara. <\/span><em><span style=\"color: #808080;\">(a partir de 5000 unidades, cantidades menores sale en color natural sin impresi\u00f3n)<\/span><\/em><\/span><\/p>\n<h6><span style=\"color: #008080;\"><strong><i>Env\u00edanos<\/i><em>\u00a0tu dise\u00f1o, recuerda reservar un espacio para las instrucciones de siembra.<\/em><\/strong><\/span><\/h6>\n<p><span style=\"color: #008080;\"><strong>Semillas disponibles:\u00a0\u00a0<\/strong><\/span><span style=\"color: #0000ff;\"><a style=\"color: #0000ff;\" href=\"http:\/\/ecopromocionales.com\/movilpe\/semillas-de-temporada\/\" target=\"_blank\" rel=\"noopener\">Ver lista de especies de temporada<\/a><\/span><\/p>\n","protected":false},"featured_media":704,"comment_status":"open","ping_status":"closed","template":"","meta":[],"_links":{"self":[{"href":"https:\/\/ecopromocionales.com\/movilpe\/wp-json\/wp\/v2\/product\/339"}],"collection":[{"href":"https:\/\/ecopromocionales.com\/movilpe\/wp-json\/wp\/v2\/product"}],"about":[{"href":"https:\/\/ecopromocionales.com\/movilpe\/wp-json\/wp\/v2\/types\/product"}],"replies":[{"embeddable":true,"href":"https:\/\/ecopromocionales.com\/movilpe\/wp-json\/wp\/v2\/comments?post=339"}],"wp:featuredmedia":[{"embeddable":true,"href":"https:\/\/ecopromocionales.com\/movilpe\/wp-json\/wp\/v2\/media\/704"}],"wp:attachment":[{"href":"https:\/\/ecopromocionales.com\/movilpe\/wp-json\/wp\/v2\/media?parent=339"}],"curies":[{"name":"wp","href":"https:\/\/api.w.org\/{rel}","templated":true}]}}