{"id":37,"date":"2018-08-05T12:32:05","date_gmt":"2018-08-05T17:32:05","guid":{"rendered":"http:\/\/ecopromocionales.com\/movilpe\/?post_type=product&#038;p=37"},"modified":"2023-09-12T20:46:18","modified_gmt":"2023-09-13T01:46:18","slug":"213","status":"publish","type":"product","link":"https:\/\/ecopromocionales.com\/movilpe\/producto\/213\/","title":{"rendered":"Kit de siembra en Caja de regalo Maceta compostable<br><font size=\"2\"> Cantidad min\u00edma: 500 Unidades <\/font>"},"content":{"rendered":"<p><span style=\"color: #808080;\">Cantidad M\u00ednima de venta: 50 unidades.<\/span><\/p>\n<p><span style=\"color: #808080;\">Solicita la plantilla de dise\u00f1o para elaborar el arte con tu marca, dise\u00f1o o evento.<\/span><\/p>\n<p><em><span style=\"color: #808080;\">Consultar disponibilidad.<\/span><\/em><\/p>\n<p>&nbsp;<\/p>\n<p><span style=\"color: #808080;\"><strong>Este producto esta disponible para venta por unidad\u00a0\u00a0<\/strong><em>(No incluye personalizaci\u00f3n)<\/em><\/span><\/p>\n<p><span style=\"color: #808080;\">Consulte stock.<\/span><\/p>\n<p>&nbsp;<\/p>\n","protected":false},"excerpt":{"rendered":"[xyz-ips snippet=\"solicitarcotizacion\"]\n<p><span style=\"color: #808080;\"><span style=\"color: #808080;\">Este lindo kit<\/span><strong style=\"color: #808080;\"> para geminar un bonsai , flores o\u00a0<\/strong><span style=\"color: #808080;\"><b>arom\u00e1ticas<\/b>\u00a0es muy sencillo. Solo agregas agua al eco germinador y sustrato dentro de la maceta ecol\u00f3gica de coco y esperas unos d\u00edas a que germinen tus plantitas!<\/span><\/span><\/p>\n<p><strong><span style=\"color: #33cccc;\">Viene en una hermosa y creativa caja de regalo personalizada full color con tu dise\u00f1o.<\/span><\/strong><\/p>\n<p><strong><span style=\"color: #808080;\">Un regalo para toda la vida!!!<\/span><\/strong><\/p>\n<p><strong><span style=\"color: #33cccc;\">El kit contiene:<\/span><\/strong><\/p>\n<p><span style=\"color: #808080;\">&#8211; Una caja de regalo personalizada.\u00a0<\/span><\/p>\n<p><span style=\"color: #808080;\">&#8211; Una maceta ecol\u00f3gica de fibra natural de coco.<\/span><\/p>\n<p><span style=\"color: #808080;\">&#8211; Cinta o list\u00f3n de color a elecci\u00f3n o cord\u00f3n natural en yute.<\/span><\/p>\n<p><span style=\"color: #808080;\">&#8211; Una bandeja de riego.<\/span><\/p>\n<p><span style=\"color: #808080;\">&#8211; Un eco germinador con semillas de \u00e1rbol o flores lista para germinar.\u00a0<\/span><\/p>\n<p><span style=\"color: #33cccc;\"><strong>Personalizaci\u00f3n incluida:\u00a0<\/strong><\/span><\/p>\n<p><span style=\"color: #808080;\">Tu dise\u00f1o, marca o mensaje\u00a0<strong>full color<\/strong>\u00a0en la caja de regalo.<\/span><\/p>\n<p><span style=\"color: #33cccc;\"><strong>Tama\u00f1o caja de regalo:<\/strong><\/span><\/p>\n<p><span style=\"color: #808080;\"><strong>Cerrada:<\/strong>\u00a09 cm de altura x 10.5 de ancho\u00a0<\/span><\/p>\n<p><span style=\"color: #808080;\"><strong>Abierta:\u00a0<\/strong>18 cm de altura por 10.5 de ancho<\/span><\/p>\n<p><span style=\"color: #33cccc;\"><strong>Tama\u00f1o maceta ecol\u00f3gica:<\/strong><\/span><\/p>\n<p><span style=\"color: #808080;\"><strong>Di\u00e1metro superior:<\/strong><\/span>\u00a0<span style=\"color: #999999;\">9.0 cm<\/span><\/p>\n<p><span style=\"color: #808080;\"><strong>Di\u00e1metro inferior:<\/strong><\/span>\u00a0<span style=\"color: #999999;\">6.0 cm<\/span><\/p>\n<p><span style=\"color: #808080;\"><strong>Alto:<\/strong>\u00a0<\/span><span style=\"color: #999999;\">7.0 cm<\/span><\/p>\n<p><strong><span style=\"color: #33cccc;\">Personalizaci\u00f3n adicional:<\/span> <\/strong><\/p>\n<p><span style=\"color: #808080;\">Grabado sobre la maceta de coco ecol\u00f3gica\u00a0<\/span><\/p>\n","protected":false},"featured_media":2206,"comment_status":"closed","ping_status":"closed","template":"","meta":[],"_links":{"self":[{"href":"https:\/\/ecopromocionales.com\/movilpe\/wp-json\/wp\/v2\/product\/37"}],"collection":[{"href":"https:\/\/ecopromocionales.com\/movilpe\/wp-json\/wp\/v2\/product"}],"about":[{"href":"https:\/\/ecopromocionales.com\/movilpe\/wp-json\/wp\/v2\/types\/product"}],"replies":[{"embeddable":true,"href":"https:\/\/ecopromocionales.com\/movilpe\/wp-json\/wp\/v2\/comments?post=37"}],"wp:featuredmedia":[{"embeddable":true,"href":"https:\/\/ecopromocionales.com\/movilpe\/wp-json\/wp\/v2\/media\/2206"}],"wp:attachment":[{"href":"https:\/\/ecopromocionales.com\/movilpe\/wp-json\/wp\/v2\/media?parent=37"}],"curies":[{"name":"wp","href":"https:\/\/api.w.org\/{rel}","templated":true}]}}