{"id":414,"date":"2018-08-07T13:29:56","date_gmt":"2018-08-07T18:29:56","guid":{"rendered":"http:\/\/ecopromocionales.com\/movilpe\/?post_type=product&#038;p=414"},"modified":"2024-09-02T11:10:53","modified_gmt":"2024-09-02T16:10:53","slug":"141","status":"publish","type":"product","link":"https:\/\/ecopromocionales.com\/movilpe\/producto\/141\/","title":{"rendered":"Tarjeta que nace en agua<br><font size=\"2\"> Cantidad min\u00edma: 5000 Unidades <\/font>"},"content":{"rendered":"<p><span style=\"color: #808080;\">Cantidad m\u00ednima de venta: 100 unidades.<\/span><\/p>\n<p><span style=\"color: #808080;\">Solicita la plantilla de dise\u00f1o para elaborar el arte con tu marca, dise\u00f1o o evento.<\/span><\/p>\n","protected":false},"excerpt":{"rendered":"[xyz-ips snippet=\"solicitarcotizacion\"]\n<p><span style=\"color: #808080;\">Incre\u00edble <strong>tarjeta que germina al colocarla en un vaso con agua<\/strong>. La tarjeta comienza a abrirse y a mostrar sus peque\u00f1os reto\u00f1os que crecen r\u00e1pidamente. En pocos d\u00edas la tarjeta tendr\u00e1 unas plantas largas y verdes.<\/span><\/p>\n<p><strong><span style=\"color: #33cccc;\">Genera mucha curiosidad a los visitantes del puesto de trabajo o escritorio donde se encuentre ubicada y p<\/span><\/strong><strong><span style=\"color: #33cccc;\">ermanece en el escritorio antes de trasplante hasta 4 meses con tu mensaje o marca visible por ambos lados.<\/span><\/strong><\/p>\n<p style=\"text-align: left;\"><em><strong><span style=\"color: #808080;\">\u00a1\u00a1Es un hermoso eco regalo con mucho sentido!!<\/span><\/strong><\/em><\/p>\n<p><strong><span style=\"color: #33cccc;\">Personalizaci\u00f3n incluida:<\/span><\/strong><\/p>\n<p><span style=\"color: #808080;\">Tu dise\u00f1o o marca\u00a0 <strong>full color<\/strong> por ambos lados.<\/span><\/p>\n<p><span style=\"color: #808080;\"><span style=\"color: #33cccc;\"><strong>Tama\u00f1o de la tarjeta:<\/strong><\/span> 5.5 cm x 9 cm.<\/span><\/p>\n","protected":false},"featured_media":2338,"comment_status":"open","ping_status":"closed","template":"","meta":[],"_links":{"self":[{"href":"https:\/\/ecopromocionales.com\/movilpe\/wp-json\/wp\/v2\/product\/414"}],"collection":[{"href":"https:\/\/ecopromocionales.com\/movilpe\/wp-json\/wp\/v2\/product"}],"about":[{"href":"https:\/\/ecopromocionales.com\/movilpe\/wp-json\/wp\/v2\/types\/product"}],"replies":[{"embeddable":true,"href":"https:\/\/ecopromocionales.com\/movilpe\/wp-json\/wp\/v2\/comments?post=414"}],"wp:featuredmedia":[{"embeddable":true,"href":"https:\/\/ecopromocionales.com\/movilpe\/wp-json\/wp\/v2\/media\/2338"}],"wp:attachment":[{"href":"https:\/\/ecopromocionales.com\/movilpe\/wp-json\/wp\/v2\/media?parent=414"}],"curies":[{"name":"wp","href":"https:\/\/api.w.org\/{rel}","templated":true}]}}