{"id":60,"date":"2018-08-05T12:32:05","date_gmt":"2018-08-05T17:32:05","guid":{"rendered":"http:\/\/ecopromocionales.com\/movilpe\/?post_type=product&#038;p=60"},"modified":"2023-09-12T20:47:07","modified_gmt":"2023-09-13T01:47:07","slug":"288","status":"publish","type":"product","link":"https:\/\/ecopromocionales.com\/movilpe\/producto\/288\/","title":{"rendered":"Bons\u00e1i o flor en Cajita Regalo <br><font size=\"2\"> Cantidad min\u00edma: 500 Unidades <\/font>"},"content":{"rendered":"<p><strong>Consulte disponibilidad o stock<\/strong><\/p>\n<p><span style=\"color: #808080;\">Solicita la plantilla de dise\u00f1o para elaborar el arte con tu marca, dise\u00f1o o evento.<\/span><\/p>\n<p><strong><span style=\"color: #808080;\">Cajita elaborada en material impermeabilizado.<\/span><\/strong><\/p>\n<p><span style=\"color: #808080;\">El eco germinador es el que recoge la humedad y la cajita del material impermeabilizado lo conserva para que se d\u00e9 una germinaci\u00f3n exitosa.<\/span><\/p>\n<p><span style=\"color: #808080;\"><strong>Incluye:<\/strong> Instrucciones al reverso de la tapa.<\/span><\/p>\n<p><span style=\"color: #808080;\"><strong>Adicional:<\/strong> Instrucciones personalizadas.\u00a0<\/span><\/p>\n<p><em><span style=\"color: #808080;\">Consultar disponibilidad<\/span><\/em><!--more--><\/p>\n<p><span style=\"color: #333333;\"><strong>Este producto esta disponible para venta por unidad\u00a0\u00a0<\/strong><em>(No incluye personalizaci\u00f3n)<\/em><\/span><\/p>\n<p>Consulte stock.<\/p>\n<p>&nbsp;<\/p>\n<p>&nbsp;<\/p>\n","protected":false},"excerpt":{"rendered":"[xyz-ips snippet=\"solicitarcotizacion\"]\n<p style=\"font-weight: 400;\"><span style=\"color: #808080;\">Flores o un bons\u00e1i que germinan, <strong>crecen y se conservan en una cajita de regalo<\/strong> personalizada con tu dise\u00f1o.<\/span><\/p>\n<p style=\"font-weight: 400;\"><span style=\"color: #33cccc;\"><strong>La cajita de regalo se convierte en macetita.<\/strong>\u00a0<strong>La tapa personalizada con tu dise\u00f1o se\u00a0convierte en la base de la macetita<\/strong>.<strong> Estando presente y visible por largo tiempo tu mensaje o marca!<\/strong><\/span><\/p>\n<p style=\"font-weight: 400;\"><span style=\"color: #808080;\"><strong>Contiene un eco germinador o c\u00e1psula con semillas de \u00e1rbol o flores pre plantadas y una bolsita con sustrato de abono para que solo lo agregues junto con agua y germine tu \u00e1rbolito o tu linda flor!<\/strong><\/span><\/p>\n<p><em><span style=\"color: #808080;\">Es un regalo para toda la vida!<\/span><\/em><\/p>\n<p><span style=\"color: #33cccc;\"><strong>Personalizaci\u00f3n incluida:<\/strong><\/span><\/p>\n<p><span style=\"color: #808080;\">Tapa \/ Base de la cajita<strong>\u00a0full color<\/strong>\u00a0con tu dise\u00f1o, marca o logo<\/span><\/p>\n<p><span style=\"color: #808080;\"><strong><span style=\"color: #33cccc;\">Incluye:<\/span>\u00a0<\/strong>Cord\u00f3n natural en yute o cinta de regalo.<\/span><\/p>\n<p><span style=\"color: #808080;\"><span style=\"color: #33cccc;\"><strong>Tama\u00f1o Cajita cerrada:\u00a0\u00a0<\/strong><\/span>5 x 5\u00a0\u00a0cm x 5.2\u00a0 cm\u00a0<\/span><\/p>\n<p>&nbsp;<\/p>\n","protected":false},"featured_media":281,"comment_status":"open","ping_status":"closed","template":"","meta":[],"_links":{"self":[{"href":"https:\/\/ecopromocionales.com\/movilpe\/wp-json\/wp\/v2\/product\/60"}],"collection":[{"href":"https:\/\/ecopromocionales.com\/movilpe\/wp-json\/wp\/v2\/product"}],"about":[{"href":"https:\/\/ecopromocionales.com\/movilpe\/wp-json\/wp\/v2\/types\/product"}],"replies":[{"embeddable":true,"href":"https:\/\/ecopromocionales.com\/movilpe\/wp-json\/wp\/v2\/comments?post=60"}],"wp:featuredmedia":[{"embeddable":true,"href":"https:\/\/ecopromocionales.com\/movilpe\/wp-json\/wp\/v2\/media\/281"}],"wp:attachment":[{"href":"https:\/\/ecopromocionales.com\/movilpe\/wp-json\/wp\/v2\/media?parent=60"}],"curies":[{"name":"wp","href":"https:\/\/api.w.org\/{rel}","templated":true}]}}